{"id":400,"date":"2022-05-19T11:07:51","date_gmt":"2022-05-19T11:07:51","guid":{"rendered":"https:\/\/sushi-groot-bijgaarden.be\/contact\/"},"modified":"2022-05-19T11:07:51","modified_gmt":"2022-05-19T11:07:51","slug":"contact","status":"publish","type":"page","link":"https:\/\/sushi-groot-bijgaarden.be\/nl\/contact\/","title":{"rendered":"Contact"},"content":{"rendered":"<p>[vc_row gap=&#8221;35&#8243; equal_height=&#8221;yes&#8221; content_placement=&#8221;middle&#8221; css=&#8221;.vc_custom_1653380736669{padding-top: 60px !important;padding-bottom: 60px !important;}&#8221;][vc_column width=&#8221;1\/2&#8243; el_class=&#8221;dsgn&#8221; css=&#8221;.vc_custom_1654006126217{background-image: url(https:\/\/sushi-groot-bijgaarden.be\/wp-content\/uploads\/2022\/05\/contact-so-sushi-alost.jpg?id=278) !important;background-position: center !important;background-repeat: no-repeat !important;background-size: cover !important;}&#8221;][\/vc_column][vc_column width=&#8221;1\/2&#8243; el_class=&#8221;bloc-txt&#8221;][vc_column_text css=&#8221;.vc_custom_1654073146208{margin-bottom: 0px !important;}&#8221;]<\/p>\n<h2><span class=\"thin\">So Sushi Groot-Bijgaarden <\/span>Entrons en contact !<\/h2>\n<p>Vous \u00eates \u00e0 la recherche de notre plateforme de commande en ligne ? Acc\u00e9dez au lien suivant pour d\u00e9couvrir notre s\u00e9lection de plats et proc\u00e9der au choix de votre menu :<\/p>\n<p class=\"commande\"><a href=\"https:\/\/sushi-groot-bijgaarden.be\/menu\/\" rel=\"noopener\">Menu<\/a><\/p>\n<p>Via ce lien, vous obtiendrez l\u2019int\u00e9gralit\u00e9 de notre carte. Vous aurez l\u2019occasion d\u2019y trouver l\u2019ensemble de nos entr\u00e9es, de nos plats et de nos desserts. Un maximum de go\u00fbts et de saveurs pour vous donner l\u2019eau \u00e0 la bouche. Makis, Gyozas, Soupes Miso, Nems, Chirashis ou encore California Rolls, tous vous donneront l\u2019envie de craquer. Passez donc votre commande et sp\u00e9cifiez-nous le moyen de r\u00e9cup\u00e9rer votre commande que vous pr\u00e9f\u00e9rez.[\/vc_column_text][\/vc_column][\/vc_row][vc_row full_width=&#8221;stretch_row&#8221; equal_height=&#8221;yes&#8221; content_placement=&#8221;middle&#8221; el_class=&#8221;parallax bg-dark&#8221; css=&#8221;.vc_custom_1654007474533{margin-bottom: 60px !important;padding-top: 80px !important;padding-bottom: 80px !important;background-image: url(https:\/\/sushi-groot-bijgaarden.be\/wp-content\/uploads\/2022\/05\/bg-contact-so-sushi-alost.jpg?id=287) !important;background-position: center !important;background-repeat: no-repeat !important;background-size: cover !important;}&#8221;][vc_column width=&#8221;1\/2&#8243; css=&#8221;.vc_custom_1653037308287{padding-top: 0px !important;}&#8221;][vc_column_text css=&#8221;.vc_custom_1729514462335{margin-bottom: 0px !important;}&#8221;]Chez So Sushi, \u00e0 Groot-Bijgaarden, vous avez trois mani\u00e8res de savourer nos d\u00e9licieux sushis japonais : dans notre salle de restaurant, en point Click &amp; Collect ou en livraison \u00e0 domicile. Les portes de notre restaurant vous sont toujours ouvertes. Nous vous y invitons avec plaisir si vous souhaitez profiter d\u2019un repas en ext\u00e9rieur. Vous pouvez \u00e9galement passer prendre votre commande \u00e0 emporter si vous \u00eates \u00e0 proximit\u00e9. En dernier lieu, vous pouvez rester chez vous et attendre que votre menu vous soit livr\u00e9. Retenez simplement que notre \u00e9quipe s\u2019occupe des livraisons dans un rayon de 10 kilom\u00e8tres (Liedekerke, Lennik, Roosdaal, Wambeek, Asbeek, Ternat, Asse, Affligem, Zierbeek, Schepdaal).<\/p>\n<p class=\"commande\"><a href=\"http:\/\/shop.sushi-dilbeek.be\" target=\"_blank\" rel=\"noopener\">Commander en ligne <\/a><\/p>\n<p>[\/vc_column_text][\/vc_column][vc_column width=&#8221;1\/2&#8243; css=&#8221;.vc_custom_1653037344832{padding-top: 0px !important;}&#8221;][\/vc_column][\/vc_row][vc_row full_width=&#8221;stretch_row&#8221; gap=&#8221;35&#8243; equal_height=&#8221;yes&#8221; content_placement=&#8221;middle&#8221; css=&#8221;.vc_custom_1653056311073{padding-bottom: 60px !important;background-image: url(https:\/\/sushi-groot-bijgaarden.be\/wp-content\/uploads\/2022\/05\/japanese-dsgn-so-sushi-aalst.png?id=172) !important;}&#8221; el_class=&#8221;bg-dsgn reverse&#8221;][vc_column width=&#8221;1\/2&#8243; css=&#8221;.vc_custom_1653906148847{padding-top: 0px !important;background-position: center !important;background-repeat: no-repeat !important;background-size: cover !important;}&#8221;][vc_column_text css=&#8221;.vc_custom_1653906630057{margin-bottom: 0px !important;}&#8221;]\n<div class=\"wpcf7 no-js\" id=\"wpcf7-f214-o1\" lang=\"fr-FR\" dir=\"ltr\" data-wpcf7-id=\"214\">\n<div class=\"screen-reader-response\"><p role=\"status\" aria-live=\"polite\" aria-atomic=\"true\"><\/p> <ul><\/ul><\/div>\n<form action=\"\/nl\/wp-json\/wp\/v2\/pages\/400#wpcf7-f214-o1\" method=\"post\" class=\"wpcf7-form init\" aria-label=\"Formulaire de contact\" novalidate=\"novalidate\" data-status=\"init\">\n<fieldset class=\"hidden-fields-container\"><input type=\"hidden\" name=\"_wpcf7\" value=\"214\" \/><input type=\"hidden\" name=\"_wpcf7_version\" value=\"6.1.5\" \/><input type=\"hidden\" name=\"_wpcf7_locale\" value=\"fr_FR\" \/><input type=\"hidden\" name=\"_wpcf7_unit_tag\" value=\"wpcf7-f214-o1\" \/><input type=\"hidden\" name=\"_wpcf7_container_post\" value=\"0\" \/><input type=\"hidden\" name=\"_wpcf7_posted_data_hash\" value=\"\" \/>\n<\/fieldset>\n<div class=\"column one-second\">\n\t<p><span class=\"wpcf7-form-control-wrap\" data-name=\"your-entreprise\"><input size=\"40\" maxlength=\"400\" class=\"wpcf7-form-control wpcf7-text wpcf7-validates-as-required\" aria-required=\"true\" aria-invalid=\"false\" placeholder=\"Nom\/pr\u00e9nom\" value=\"\" type=\"text\" name=\"your-entreprise\" \/><\/span>\n\t<\/p>\n<\/div>\n<div class=\"column one-second\">\n\t<p><span class=\"wpcf7-form-control-wrap\" data-name=\"email\"><input size=\"40\" maxlength=\"400\" class=\"wpcf7-form-control wpcf7-email wpcf7-validates-as-required wpcf7-text wpcf7-validates-as-email\" aria-required=\"true\" aria-invalid=\"false\" placeholder=\"E-mail\" value=\"\" type=\"email\" name=\"email\" \/><\/span>\n\t<\/p>\n<\/div>\n<div class=\"column one-second\">\n\t<p><span class=\"wpcf7-form-control-wrap\" data-name=\"your-tel\"><input size=\"40\" maxlength=\"400\" class=\"wpcf7-form-control wpcf7-tel wpcf7-validates-as-required wpcf7-text wpcf7-validates-as-tel\" aria-required=\"true\" aria-invalid=\"false\" placeholder=\"N\u00b0 de t\u00e9l\" value=\"\" type=\"tel\" name=\"your-tel\" \/><\/span>\n\t<\/p>\n<\/div>\n<div class=\"column one-second\">\n\t<p><span class=\"wpcf7-form-control-wrap\" data-name=\"your-sujet\"><input size=\"40\" maxlength=\"400\" class=\"wpcf7-form-control wpcf7-text\" aria-invalid=\"false\" placeholder=\"Sujet\" value=\"\" type=\"text\" name=\"your-sujet\" \/><\/span>\n\t<\/p>\n<\/div>\n<div class=\"column one\">\n\t<p><span class=\"wpcf7-form-control-wrap\" data-name=\"your-message\"><textarea cols=\"40\" rows=\"6\" maxlength=\"2000\" class=\"wpcf7-form-control wpcf7-textarea\" aria-invalid=\"false\" placeholder=\"Votre message\" name=\"your-message\"><\/textarea><\/span>\n\t<\/p>\n<\/div>\n<p><span class=\"wpcf7-form-control-wrap\" data-name=\"checkbox-87\"><span class=\"wpcf7-form-control wpcf7-checkbox wpcf7-validates-as-required\"><span class=\"wpcf7-list-item first last\"><label><input type=\"checkbox\" name=\"checkbox-87[]\" value=\"Oui, j&#039;accepte que les donn\u00e9es personnelles collect\u00e9es soient conserv\u00e9es pendant 2 ans dans le cadre de la mise en relation avec l&#039;entreprise pour acc\u00e9der aux prestations qu&#039;elle fournit\" \/><span class=\"wpcf7-list-item-label\">Oui, j&#039;accepte que les donn\u00e9es personnelles collect\u00e9es soient conserv\u00e9es pendant 2 ans dans le cadre de la mise en relation avec l&#039;entreprise pour acc\u00e9der aux prestations qu&#039;elle fournit<\/span><\/label><\/span><\/span><\/span>\n<\/p>\n<div class=\"column one\">\n\t<p><input class=\"wpcf7-form-control wpcf7-submit has-spinner\" type=\"submit\" value=\"Envoyer\" \/>\n\t<\/p>\n<\/div><div class=\"wpcf7-response-output\" aria-hidden=\"true\"><\/div>\n<\/form>\n<\/div>\n[\/vc_column_text][\/vc_column][vc_column width=&#8221;1\/2&#8243; el_class=&#8221;bloc-content&#8221;][vc_column_text css=&#8221;.vc_custom_1653905676580{margin-bottom: 0px !important;}&#8221;]Notre syst\u00e8me est tr\u00e8s facile \u00e0 utiliser et nos diff\u00e9rents moyens de retrait vous permettent de vivre une exp\u00e9rience enti\u00e8rement personnalis\u00e9e. Cependant, il est tout \u00e0 fait possible que vous ayez des questions \u00e0 nous poser sur notre service et notre fonctionnement. N\u2019h\u00e9sitez pas, nous sommes l\u00e0 pour vous r\u00e9pondre. Contactez-nous ais\u00e9ment par t\u00e9l\u00e9phone, en nous envoyant un mail ou en remplissant notre formulaire de contact. Ne craignez pas de demander des informations suppl\u00e9mentaires, nous vous guiderons tout au long de votre voyage chez So Sushi.<\/p>\n<p>Nous excellons dans notre domaine et avons h\u00e2te de vous faire d\u00e9couvrir nos d\u00e9licieux sushis traditionnels. Nous avons \u00e0 c\u0153ur de partager la culture du Japon et sa cuisine authentique. Vous pouvez compter sur nous et notre savoir-faire pour vous accompagner au mieux lors de vos \u00e9v\u00e9nements professionnels ou priv\u00e9s. Nous ferons tout notre possible pour que votre exp\u00e9rience vous donne envie de revenir nous voir.[\/vc_column_text][\/vc_column][\/vc_row]<\/p>\n","protected":false},"excerpt":{"rendered":"<p>[vc_row gap=&#8221;35&#8243; equal_height=&#8221;yes&#8221; content_placement=&#8221;middle&#8221; css=&#8221;.vc_custom_1653380736669{padding-top: 60px !important;padding-bottom: 60px !important;}&#8221;][vc_column width=&#8221;1\/2&#8243; el_class=&#8221;dsgn&#8221; css=&#8221;.vc_custom_1654006126217{background-image: url(https:\/\/sushi-groot-bijgaarden.be\/wp-content\/uploads\/2022\/05\/contact-so-sushi-alost.jpg?id=278) !important;background-position: center !important;background-repeat: no-repeat !important;background-size: cover !important;}&#8221;][\/vc_column][vc_column width=&#8221;1\/2&#8243; el_class=&#8221;bloc-txt&#8221;][vc_column_text css=&#8221;.vc_custom_1654073146208{margin-bottom: 0px !important;}&#8221;] So<span class=\"excerpt-hellip\"> [\u2026]<\/span><\/p>\n","protected":false},"author":1,"featured_media":0,"parent":0,"menu_order":0,"comment_status":"closed","ping_status":"closed","template":"","meta":{"footnotes":""},"class_list":["post-400","page","type-page","status-publish","hentry"],"yoast_head":"<!-- This site is optimized with the Yoast SEO plugin v27.3 - https:\/\/yoast.com\/product\/yoast-seo-wordpress\/ -->\n<title>Contact - SO SUSHI AALST<\/title>\n<meta name=\"robots\" content=\"noindex, follow, max-snippet:-1, max-image-preview:large, max-video-preview:-1\" \/>\n<meta property=\"og:locale\" content=\"nl_NL\" \/>\n<meta property=\"og:type\" content=\"article\" \/>\n<meta property=\"og:title\" content=\"Contact - SO SUSHI AALST\" \/>\n<meta property=\"og:description\" content=\"[vc_row gap=&#8221;35&#8243; equal_height=&#8221;yes&#8221; content_placement=&#8221;middle&#8221; css=&#8221;.vc_custom_1653380736669{padding-top: 60px !important;padding-bottom: 60px !important;}&#8221;][vc_column width=&#8221;1\/2&#8243; el_class=&#8221;dsgn&#8221; css=&#8221;.vc_custom_1654006126217{background-image: url(https:\/\/sushi-groot-bijgaarden.be\/wp-content\/uploads\/2022\/05\/contact-so-sushi-alost.jpg?id=278) !important;background-position: center !important;background-repeat: no-repeat !important;background-size: cover !important;}&#8221;][\/vc_column][vc_column width=&#8221;1\/2&#8243; el_class=&#8221;bloc-txt&#8221;][vc_column_text css=&#8221;.vc_custom_1654073146208{margin-bottom: 0px !important;}&#8221;] So [\u2026]\" \/>\n<meta property=\"og:url\" content=\"https:\/\/sushi-groot-bijgaarden.be\/nl\/contact\/\" \/>\n<meta property=\"og:site_name\" content=\"SO SUSHI AALST\" \/>\n<meta name=\"twitter:card\" content=\"summary_large_image\" \/>\n<meta name=\"twitter:label1\" content=\"Geschatte leestijd\" \/>\n\t<meta name=\"twitter:data1\" content=\"3 minuten\" \/>\n<script type=\"application\/ld+json\" class=\"yoast-schema-graph\">{\"@context\":\"https:\\\/\\\/schema.org\",\"@graph\":[{\"@type\":\"WebPage\",\"@id\":\"https:\\\/\\\/sushi-groot-bijgaarden.be\\\/nl\\\/contact\\\/\",\"url\":\"https:\\\/\\\/sushi-groot-bijgaarden.be\\\/nl\\\/contact\\\/\",\"name\":\"Contact - SO SUSHI AALST\",\"isPartOf\":{\"@id\":\"https:\\\/\\\/sushi-groot-bijgaarden.be\\\/nl\\\/#website\"},\"datePublished\":\"2022-05-19T11:07:51+00:00\",\"breadcrumb\":{\"@id\":\"https:\\\/\\\/sushi-groot-bijgaarden.be\\\/nl\\\/contact\\\/#breadcrumb\"},\"inLanguage\":\"nl-NL\",\"potentialAction\":[{\"@type\":\"ReadAction\",\"target\":[\"https:\\\/\\\/sushi-groot-bijgaarden.be\\\/nl\\\/contact\\\/\"]}]},{\"@type\":\"BreadcrumbList\",\"@id\":\"https:\\\/\\\/sushi-groot-bijgaarden.be\\\/nl\\\/contact\\\/#breadcrumb\",\"itemListElement\":[{\"@type\":\"ListItem\",\"position\":1,\"name\":\"Accueil\",\"item\":\"https:\\\/\\\/sushi-groot-bijgaarden.be\\\/nl\\\/\"},{\"@type\":\"ListItem\",\"position\":2,\"name\":\"Contact\"}]},{\"@type\":\"WebSite\",\"@id\":\"https:\\\/\\\/sushi-groot-bijgaarden.be\\\/nl\\\/#website\",\"url\":\"https:\\\/\\\/sushi-groot-bijgaarden.be\\\/nl\\\/\",\"name\":\"SO SUSHI AALST\",\"description\":\"\",\"publisher\":{\"@id\":\"https:\\\/\\\/sushi-groot-bijgaarden.be\\\/nl\\\/#organization\"},\"potentialAction\":[{\"@type\":\"SearchAction\",\"target\":{\"@type\":\"EntryPoint\",\"urlTemplate\":\"https:\\\/\\\/sushi-groot-bijgaarden.be\\\/nl\\\/?s={search_term_string}\"},\"query-input\":{\"@type\":\"PropertyValueSpecification\",\"valueRequired\":true,\"valueName\":\"search_term_string\"}}],\"inLanguage\":\"nl-NL\"},{\"@type\":\"Organization\",\"@id\":\"https:\\\/\\\/sushi-groot-bijgaarden.be\\\/nl\\\/#organization\",\"name\":\"So Sushi Alost\",\"url\":\"https:\\\/\\\/sushi-groot-bijgaarden.be\\\/nl\\\/\",\"logo\":{\"@type\":\"ImageObject\",\"inLanguage\":\"nl-NL\",\"@id\":\"https:\\\/\\\/sushi-groot-bijgaarden.be\\\/nl\\\/#\\\/schema\\\/logo\\\/image\\\/\",\"url\":\"https:\\\/\\\/sushi-groot-bijgaarden.be\\\/wp-content\\\/uploads\\\/2022\\\/05\\\/logo-so-sushi-aalst.png\",\"contentUrl\":\"https:\\\/\\\/sushi-groot-bijgaarden.be\\\/wp-content\\\/uploads\\\/2022\\\/05\\\/logo-so-sushi-aalst.png\",\"width\":100,\"height\":100,\"caption\":\"So Sushi Alost\"},\"image\":{\"@id\":\"https:\\\/\\\/sushi-groot-bijgaarden.be\\\/nl\\\/#\\\/schema\\\/logo\\\/image\\\/\"}}]}<\/script>\n<!-- \/ Yoast SEO plugin. -->","yoast_head_json":{"title":"Contact - SO SUSHI AALST","robots":{"index":"noindex","follow":"follow","max-snippet":"max-snippet:-1","max-image-preview":"max-image-preview:large","max-video-preview":"max-video-preview:-1"},"og_locale":"nl_NL","og_type":"article","og_title":"Contact - SO SUSHI AALST","og_description":"[vc_row gap=&#8221;35&#8243; equal_height=&#8221;yes&#8221; content_placement=&#8221;middle&#8221; css=&#8221;.vc_custom_1653380736669{padding-top: 60px !important;padding-bottom: 60px !important;}&#8221;][vc_column width=&#8221;1\/2&#8243; el_class=&#8221;dsgn&#8221; css=&#8221;.vc_custom_1654006126217{background-image: url(https:\/\/sushi-groot-bijgaarden.be\/wp-content\/uploads\/2022\/05\/contact-so-sushi-alost.jpg?id=278) !important;background-position: center !important;background-repeat: no-repeat !important;background-size: cover !important;}&#8221;][\/vc_column][vc_column width=&#8221;1\/2&#8243; el_class=&#8221;bloc-txt&#8221;][vc_column_text css=&#8221;.vc_custom_1654073146208{margin-bottom: 0px !important;}&#8221;] So [\u2026]","og_url":"https:\/\/sushi-groot-bijgaarden.be\/nl\/contact\/","og_site_name":"SO SUSHI AALST","twitter_card":"summary_large_image","twitter_misc":{"Geschatte leestijd":"3 minuten"},"schema":{"@context":"https:\/\/schema.org","@graph":[{"@type":"WebPage","@id":"https:\/\/sushi-groot-bijgaarden.be\/nl\/contact\/","url":"https:\/\/sushi-groot-bijgaarden.be\/nl\/contact\/","name":"Contact - SO SUSHI AALST","isPartOf":{"@id":"https:\/\/sushi-groot-bijgaarden.be\/nl\/#website"},"datePublished":"2022-05-19T11:07:51+00:00","breadcrumb":{"@id":"https:\/\/sushi-groot-bijgaarden.be\/nl\/contact\/#breadcrumb"},"inLanguage":"nl-NL","potentialAction":[{"@type":"ReadAction","target":["https:\/\/sushi-groot-bijgaarden.be\/nl\/contact\/"]}]},{"@type":"BreadcrumbList","@id":"https:\/\/sushi-groot-bijgaarden.be\/nl\/contact\/#breadcrumb","itemListElement":[{"@type":"ListItem","position":1,"name":"Accueil","item":"https:\/\/sushi-groot-bijgaarden.be\/nl\/"},{"@type":"ListItem","position":2,"name":"Contact"}]},{"@type":"WebSite","@id":"https:\/\/sushi-groot-bijgaarden.be\/nl\/#website","url":"https:\/\/sushi-groot-bijgaarden.be\/nl\/","name":"SO SUSHI AALST","description":"","publisher":{"@id":"https:\/\/sushi-groot-bijgaarden.be\/nl\/#organization"},"potentialAction":[{"@type":"SearchAction","target":{"@type":"EntryPoint","urlTemplate":"https:\/\/sushi-groot-bijgaarden.be\/nl\/?s={search_term_string}"},"query-input":{"@type":"PropertyValueSpecification","valueRequired":true,"valueName":"search_term_string"}}],"inLanguage":"nl-NL"},{"@type":"Organization","@id":"https:\/\/sushi-groot-bijgaarden.be\/nl\/#organization","name":"So Sushi Alost","url":"https:\/\/sushi-groot-bijgaarden.be\/nl\/","logo":{"@type":"ImageObject","inLanguage":"nl-NL","@id":"https:\/\/sushi-groot-bijgaarden.be\/nl\/#\/schema\/logo\/image\/","url":"https:\/\/sushi-groot-bijgaarden.be\/wp-content\/uploads\/2022\/05\/logo-so-sushi-aalst.png","contentUrl":"https:\/\/sushi-groot-bijgaarden.be\/wp-content\/uploads\/2022\/05\/logo-so-sushi-aalst.png","width":100,"height":100,"caption":"So Sushi Alost"},"image":{"@id":"https:\/\/sushi-groot-bijgaarden.be\/nl\/#\/schema\/logo\/image\/"}}]}},"_links":{"self":[{"href":"https:\/\/sushi-groot-bijgaarden.be\/nl\/wp-json\/wp\/v2\/pages\/400","targetHints":{"allow":["GET"]}}],"collection":[{"href":"https:\/\/sushi-groot-bijgaarden.be\/nl\/wp-json\/wp\/v2\/pages"}],"about":[{"href":"https:\/\/sushi-groot-bijgaarden.be\/nl\/wp-json\/wp\/v2\/types\/page"}],"author":[{"embeddable":true,"href":"https:\/\/sushi-groot-bijgaarden.be\/nl\/wp-json\/wp\/v2\/users\/1"}],"replies":[{"embeddable":true,"href":"https:\/\/sushi-groot-bijgaarden.be\/nl\/wp-json\/wp\/v2\/comments?post=400"}],"version-history":[{"count":0,"href":"https:\/\/sushi-groot-bijgaarden.be\/nl\/wp-json\/wp\/v2\/pages\/400\/revisions"}],"wp:attachment":[{"href":"https:\/\/sushi-groot-bijgaarden.be\/nl\/wp-json\/wp\/v2\/media?parent=400"}],"curies":[{"name":"wp","href":"https:\/\/api.w.org\/{rel}","templated":true}]}}