{"id":401,"date":"2022-05-19T11:07:39","date_gmt":"2022-05-19T11:07:39","guid":{"rendered":"https:\/\/sushi-groot-bijgaarden.be\/boite-a-lunch-b2b\/"},"modified":"2022-05-19T11:07:39","modified_gmt":"2022-05-19T11:07:39","slug":"boite-a-lunch-b2b","status":"publish","type":"page","link":"https:\/\/sushi-groot-bijgaarden.be\/nl\/boite-a-lunch-b2b\/","title":{"rendered":"Bo\u00eete \u00e0 lunch \u2013 B2B"},"content":{"rendered":"<p>[vc_row gap=&#8221;35&#8243; equal_height=&#8221;yes&#8221; content_placement=&#8221;middle&#8221; css=&#8221;.vc_custom_1653380736669{padding-top: 60px !important;padding-bottom: 60px !important;}&#8221;][vc_column width=&#8221;1\/2&#8243; el_class=&#8221;dsgn&#8221; css=&#8221;.vc_custom_1654005734855{background-image: url(https:\/\/sushi-groot-bijgaarden.be\/wp-content\/uploads\/2022\/05\/boite-a-lunch-so-sushi-alost.jpg?id=274) !important;background-position: center !important;background-repeat: no-repeat !important;background-size: cover !important;}&#8221;][\/vc_column][vc_column width=&#8221;1\/2&#8243; el_class=&#8221;bloc-txt&#8221;][vc_column_text css=&#8221;.vc_custom_1653903382514{margin-bottom: 0px !important;}&#8221;]<\/p>\n<h2><span class=\"thin\">So Sushi Groot-Bijgaarden <\/span>Nos Sushis japonais directement livr\u00e9s au bureau<\/h2>\n<p>Chez So Sushi, ce n\u2019est pas parce que vous travaillez que vous n\u2019avez pas droit \u00e0 d\u00e9guster de savoureux sushis japonais. Nous avons mis en place un service destin\u00e9 aux entreprises et professionnels leur permettant de recevoir des lunch boxes au bureau.<\/p>\n<p>R\u00e9fl\u00e9chissez-y, vous pourrez profiter d\u2019un repas du midi avec vos coll\u00e8gues autour d\u2019un bon plateau de sushis japonais. Une pause r\u00e9confortante en pleine journ\u00e9e de travail.[\/vc_column_text][\/vc_column][\/vc_row][vc_row full_width=&#8221;stretch_row&#8221; equal_height=&#8221;yes&#8221; content_placement=&#8221;middle&#8221; el_class=&#8221;parallax bg-dark&#8221; css=&#8221;.vc_custom_1654007232544{margin-bottom: 60px !important;padding-top: 80px !important;padding-bottom: 80px !important;background-image: url(https:\/\/sushi-groot-bijgaarden.be\/wp-content\/uploads\/2022\/05\/bg-boite-a-lunch-so-sushi-alost.jpg?id=285) !important;background-position: center !important;background-repeat: no-repeat !important;background-size: cover !important;}&#8221;][vc_column width=&#8221;1\/2&#8243; css=&#8221;.vc_custom_1653037308287{padding-top: 0px !important;}&#8221;][vc_column_text css=&#8221;.vc_custom_1729514436036{margin-bottom: 0px !important;}&#8221;]Nous accompagnons \u00e9galement vos meetings professionnels. Nous pr\u00e9parons nos d\u00e9licieux sushis en quantit\u00e9 pour que vos \u00e9v\u00e9nements professionnels puissent devenir des moments agr\u00e9ables et inoubliables. Ainsi, m\u00eame au cours d\u2019une journ\u00e9e charg\u00e9e et productive, vous pouvez vous accorder une parenth\u00e8se de douceur et d\u2019onctuosit\u00e9.<\/p>\n<p>Notre syst\u00e8me \u00e9tant extr\u00eamement rapide et efficace, il ne vous faut que quelques minutes pour proc\u00e9der \u00e0 votre commande et la finaliser. Vous pouvez donc rester concentr\u00e9s sur vos t\u00e2ches, sans stopper votre productivit\u00e9.<\/p>\n<p class=\"commande\"><a href=\"http:\/\/shop.sushi-dilbeek.be\" target=\"_blank\" rel=\"noopener\">Commander en ligne <\/a><\/p>\n<p>[\/vc_column_text][\/vc_column][vc_column width=&#8221;1\/2&#8243; css=&#8221;.vc_custom_1653037344832{padding-top: 0px !important;}&#8221;][\/vc_column][\/vc_row][vc_row full_width=&#8221;stretch_row&#8221; gap=&#8221;35&#8243; equal_height=&#8221;yes&#8221; content_placement=&#8221;middle&#8221; css=&#8221;.vc_custom_1653993240519{padding-bottom: 60px !important;background-image: url(https:\/\/sushi-groot-bijgaarden.be\/wp-content\/uploads\/2022\/05\/japanese-dsgn-so-sushi-aalst.png?id=172) !important;}&#8221; el_class=&#8221;bg-dsgn&#8221;][vc_column width=&#8221;1\/2&#8243; css=&#8221;.vc_custom_1654005929541{padding-top: 400px !important;background-image: url(https:\/\/sushi-groot-bijgaarden.be\/wp-content\/uploads\/2022\/05\/chez-so-sushi-boite-a-lunch-so-sushi-alost.jpg?id=276) !important;background-position: center !important;background-repeat: no-repeat !important;background-size: cover !important;}&#8221; el_class=&#8221;dsgn-up-down&#8221;][\/vc_column][vc_column width=&#8221;1\/2&#8243; el_class=&#8221;bloc-content&#8221;][vc_column_text css=&#8221;.vc_custom_1653903427012{margin-bottom: 0px !important;}&#8221;]Chez So Sushi, nous vous proposons deux moyens de r\u00e9cup\u00e9rer votre commande. Si vous travaillez \u00e0 proximit\u00e9, vous pouvez choisir notre point Click &amp; Collect. Pratique si vous souhaitez prendre l\u2019air ou vous d\u00e9gourdir les jambes. Notre \u00e9quipe pr\u00e9pare votre commande et vous n\u2019avez plus qu\u2019\u00e0 venir la chercher. En revanche, si vous n\u2019avez pas le temps, nous pouvons \u00e9galement vous livrer dans un rayon de 10 kilom\u00e8tres (Wambeek, Asse, Ternat, Lennik, Roosdaal, Schepdaal, Liedekerke, Zierbeek, Asbeek, Affligem).<\/p>\n<p>Notre adaptation est primordiale pour que votre exp\u00e9rience \u00e0 nos c\u00f4t\u00e9s soit une r\u00e9ussite. Nous modifions donc notre service en fonction de vos demandes et faisons tout ce qui est en notre pouvoir pour r\u00e9pondre favorablement \u00e0 vos attentes.[\/vc_column_text][\/vc_column][\/vc_row][vc_row full_width=&#8221;stretch_row&#8221; equal_height=&#8221;yes&#8221; content_placement=&#8221;middle&#8221; el_class=&#8221;parallax bg-dark&#8221; css=&#8221;.vc_custom_1653038409829{padding-top: 80px !important;padding-bottom: 80px !important;background-image: url(https:\/\/sushi-groot-bijgaarden.be\/wp-content\/uploads\/2022\/05\/click-and-collect-sushi-alost.jpg?id=145) !important;background-position: center !important;background-repeat: no-repeat !important;background-size: cover !important;}&#8221;][vc_column width=&#8221;1\/2&#8243; css=&#8221;.vc_custom_1653037308287{padding-top: 0px !important;}&#8221;][vc_column_text css=&#8221;.vc_custom_1653903464461{margin-bottom: 0px !important;}&#8221;]<\/p>\n<h2><span class=\"thin\">So Sushi<\/span>Si nos lunch boxes vous int\u00e9ressent,<\/h2>\n<p>Veuillez nous contacter au pr\u00e9alable. Nous aurons besoin d\u2019informations suppl\u00e9mentaires pour vous garantir un service \u00e0 la hauteur de vos souhaits. De plus, nous pourrons vous faire part des conditions concernant nos lunch boxes pour professionnels. Nous r\u00e9pondons \u00e9galement pr\u00e9sents si vous avez la moindre question quant \u00e0 notre fonctionnement ou nos produits. Nous nous ferons un plaisir de vous fournir toutes les r\u00e9ponses \u00e0 vos questions.<\/p>\n<p class=\"commande\"><a href=\"https:\/\/sushi-groot-bijgaarden.be\/nl\/contact\/\">Nous contacter<\/a><\/p>\n<p>[\/vc_column_text][\/vc_column][vc_column width=&#8221;1\/2&#8243; css=&#8221;.vc_custom_1653037344832{padding-top: 0px !important;}&#8221;][\/vc_column][\/vc_row]<\/p>\n","protected":false},"excerpt":{"rendered":"<p>[vc_row gap=&#8221;35&#8243; equal_height=&#8221;yes&#8221; content_placement=&#8221;middle&#8221; css=&#8221;.vc_custom_1653380736669{padding-top: 60px !important;padding-bottom: 60px !important;}&#8221;][vc_column width=&#8221;1\/2&#8243; el_class=&#8221;dsgn&#8221; css=&#8221;.vc_custom_1654005734855{background-image: url(https:\/\/sushi-groot-bijgaarden.be\/wp-content\/uploads\/2022\/05\/boite-a-lunch-so-sushi-alost.jpg?id=274) !important;background-position: center !important;background-repeat: no-repeat !important;background-size: cover !important;}&#8221;][\/vc_column][vc_column width=&#8221;1\/2&#8243; el_class=&#8221;bloc-txt&#8221;][vc_column_text css=&#8221;.vc_custom_1653903382514{margin-bottom: 0px !important;}&#8221;] So<span class=\"excerpt-hellip\"> [\u2026]<\/span><\/p>\n","protected":false},"author":1,"featured_media":0,"parent":0,"menu_order":0,"comment_status":"closed","ping_status":"closed","template":"","meta":{"footnotes":""},"class_list":["post-401","page","type-page","status-publish","hentry"],"yoast_head":"<!-- This site is optimized with the Yoast SEO plugin v27.3 - https:\/\/yoast.com\/product\/yoast-seo-wordpress\/ -->\n<title>Bo\u00eete \u00e0 lunch \u2013 B2B - SO SUSHI AALST<\/title>\n<meta name=\"robots\" content=\"noindex, follow, max-snippet:-1, max-image-preview:large, max-video-preview:-1\" \/>\n<meta property=\"og:locale\" content=\"nl_NL\" \/>\n<meta property=\"og:type\" content=\"article\" \/>\n<meta property=\"og:title\" content=\"Bo\u00eete \u00e0 lunch \u2013 B2B - SO SUSHI AALST\" \/>\n<meta property=\"og:description\" content=\"[vc_row gap=&#8221;35&#8243; equal_height=&#8221;yes&#8221; content_placement=&#8221;middle&#8221; css=&#8221;.vc_custom_1653380736669{padding-top: 60px !important;padding-bottom: 60px !important;}&#8221;][vc_column width=&#8221;1\/2&#8243; el_class=&#8221;dsgn&#8221; css=&#8221;.vc_custom_1654005734855{background-image: url(https:\/\/sushi-groot-bijgaarden.be\/wp-content\/uploads\/2022\/05\/boite-a-lunch-so-sushi-alost.jpg?id=274) !important;background-position: center !important;background-repeat: no-repeat !important;background-size: cover !important;}&#8221;][\/vc_column][vc_column width=&#8221;1\/2&#8243; el_class=&#8221;bloc-txt&#8221;][vc_column_text css=&#8221;.vc_custom_1653903382514{margin-bottom: 0px !important;}&#8221;] So [\u2026]\" \/>\n<meta property=\"og:url\" content=\"https:\/\/sushi-groot-bijgaarden.be\/nl\/boite-a-lunch-b2b\/\" \/>\n<meta property=\"og:site_name\" content=\"SO SUSHI AALST\" \/>\n<meta name=\"twitter:card\" content=\"summary_large_image\" \/>\n<meta name=\"twitter:label1\" content=\"Geschatte leestijd\" \/>\n\t<meta name=\"twitter:data1\" content=\"4 minuten\" \/>\n<script type=\"application\/ld+json\" class=\"yoast-schema-graph\">{\"@context\":\"https:\\\/\\\/schema.org\",\"@graph\":[{\"@type\":\"WebPage\",\"@id\":\"https:\\\/\\\/sushi-groot-bijgaarden.be\\\/nl\\\/boite-a-lunch-b2b\\\/\",\"url\":\"https:\\\/\\\/sushi-groot-bijgaarden.be\\\/nl\\\/boite-a-lunch-b2b\\\/\",\"name\":\"Bo\u00eete \u00e0 lunch \u2013 B2B - SO SUSHI AALST\",\"isPartOf\":{\"@id\":\"https:\\\/\\\/sushi-groot-bijgaarden.be\\\/nl\\\/#website\"},\"datePublished\":\"2022-05-19T11:07:39+00:00\",\"breadcrumb\":{\"@id\":\"https:\\\/\\\/sushi-groot-bijgaarden.be\\\/nl\\\/boite-a-lunch-b2b\\\/#breadcrumb\"},\"inLanguage\":\"nl-NL\",\"potentialAction\":[{\"@type\":\"ReadAction\",\"target\":[\"https:\\\/\\\/sushi-groot-bijgaarden.be\\\/nl\\\/boite-a-lunch-b2b\\\/\"]}]},{\"@type\":\"BreadcrumbList\",\"@id\":\"https:\\\/\\\/sushi-groot-bijgaarden.be\\\/nl\\\/boite-a-lunch-b2b\\\/#breadcrumb\",\"itemListElement\":[{\"@type\":\"ListItem\",\"position\":1,\"name\":\"Accueil\",\"item\":\"https:\\\/\\\/sushi-groot-bijgaarden.be\\\/nl\\\/\"},{\"@type\":\"ListItem\",\"position\":2,\"name\":\"Bo\u00eete \u00e0 lunch \u2013 B2B\"}]},{\"@type\":\"WebSite\",\"@id\":\"https:\\\/\\\/sushi-groot-bijgaarden.be\\\/nl\\\/#website\",\"url\":\"https:\\\/\\\/sushi-groot-bijgaarden.be\\\/nl\\\/\",\"name\":\"SO SUSHI AALST\",\"description\":\"\",\"publisher\":{\"@id\":\"https:\\\/\\\/sushi-groot-bijgaarden.be\\\/nl\\\/#organization\"},\"potentialAction\":[{\"@type\":\"SearchAction\",\"target\":{\"@type\":\"EntryPoint\",\"urlTemplate\":\"https:\\\/\\\/sushi-groot-bijgaarden.be\\\/nl\\\/?s={search_term_string}\"},\"query-input\":{\"@type\":\"PropertyValueSpecification\",\"valueRequired\":true,\"valueName\":\"search_term_string\"}}],\"inLanguage\":\"nl-NL\"},{\"@type\":\"Organization\",\"@id\":\"https:\\\/\\\/sushi-groot-bijgaarden.be\\\/nl\\\/#organization\",\"name\":\"So Sushi Alost\",\"url\":\"https:\\\/\\\/sushi-groot-bijgaarden.be\\\/nl\\\/\",\"logo\":{\"@type\":\"ImageObject\",\"inLanguage\":\"nl-NL\",\"@id\":\"https:\\\/\\\/sushi-groot-bijgaarden.be\\\/nl\\\/#\\\/schema\\\/logo\\\/image\\\/\",\"url\":\"https:\\\/\\\/sushi-groot-bijgaarden.be\\\/wp-content\\\/uploads\\\/2022\\\/05\\\/logo-so-sushi-aalst.png\",\"contentUrl\":\"https:\\\/\\\/sushi-groot-bijgaarden.be\\\/wp-content\\\/uploads\\\/2022\\\/05\\\/logo-so-sushi-aalst.png\",\"width\":100,\"height\":100,\"caption\":\"So Sushi Alost\"},\"image\":{\"@id\":\"https:\\\/\\\/sushi-groot-bijgaarden.be\\\/nl\\\/#\\\/schema\\\/logo\\\/image\\\/\"}}]}<\/script>\n<!-- \/ Yoast SEO plugin. -->","yoast_head_json":{"title":"Bo\u00eete \u00e0 lunch \u2013 B2B - SO SUSHI AALST","robots":{"index":"noindex","follow":"follow","max-snippet":"max-snippet:-1","max-image-preview":"max-image-preview:large","max-video-preview":"max-video-preview:-1"},"og_locale":"nl_NL","og_type":"article","og_title":"Bo\u00eete \u00e0 lunch \u2013 B2B - SO SUSHI AALST","og_description":"[vc_row gap=&#8221;35&#8243; equal_height=&#8221;yes&#8221; content_placement=&#8221;middle&#8221; css=&#8221;.vc_custom_1653380736669{padding-top: 60px !important;padding-bottom: 60px !important;}&#8221;][vc_column width=&#8221;1\/2&#8243; el_class=&#8221;dsgn&#8221; css=&#8221;.vc_custom_1654005734855{background-image: url(https:\/\/sushi-groot-bijgaarden.be\/wp-content\/uploads\/2022\/05\/boite-a-lunch-so-sushi-alost.jpg?id=274) !important;background-position: center !important;background-repeat: no-repeat !important;background-size: cover !important;}&#8221;][\/vc_column][vc_column width=&#8221;1\/2&#8243; el_class=&#8221;bloc-txt&#8221;][vc_column_text css=&#8221;.vc_custom_1653903382514{margin-bottom: 0px !important;}&#8221;] So [\u2026]","og_url":"https:\/\/sushi-groot-bijgaarden.be\/nl\/boite-a-lunch-b2b\/","og_site_name":"SO SUSHI AALST","twitter_card":"summary_large_image","twitter_misc":{"Geschatte leestijd":"4 minuten"},"schema":{"@context":"https:\/\/schema.org","@graph":[{"@type":"WebPage","@id":"https:\/\/sushi-groot-bijgaarden.be\/nl\/boite-a-lunch-b2b\/","url":"https:\/\/sushi-groot-bijgaarden.be\/nl\/boite-a-lunch-b2b\/","name":"Bo\u00eete \u00e0 lunch \u2013 B2B - SO SUSHI AALST","isPartOf":{"@id":"https:\/\/sushi-groot-bijgaarden.be\/nl\/#website"},"datePublished":"2022-05-19T11:07:39+00:00","breadcrumb":{"@id":"https:\/\/sushi-groot-bijgaarden.be\/nl\/boite-a-lunch-b2b\/#breadcrumb"},"inLanguage":"nl-NL","potentialAction":[{"@type":"ReadAction","target":["https:\/\/sushi-groot-bijgaarden.be\/nl\/boite-a-lunch-b2b\/"]}]},{"@type":"BreadcrumbList","@id":"https:\/\/sushi-groot-bijgaarden.be\/nl\/boite-a-lunch-b2b\/#breadcrumb","itemListElement":[{"@type":"ListItem","position":1,"name":"Accueil","item":"https:\/\/sushi-groot-bijgaarden.be\/nl\/"},{"@type":"ListItem","position":2,"name":"Bo\u00eete \u00e0 lunch \u2013 B2B"}]},{"@type":"WebSite","@id":"https:\/\/sushi-groot-bijgaarden.be\/nl\/#website","url":"https:\/\/sushi-groot-bijgaarden.be\/nl\/","name":"SO SUSHI AALST","description":"","publisher":{"@id":"https:\/\/sushi-groot-bijgaarden.be\/nl\/#organization"},"potentialAction":[{"@type":"SearchAction","target":{"@type":"EntryPoint","urlTemplate":"https:\/\/sushi-groot-bijgaarden.be\/nl\/?s={search_term_string}"},"query-input":{"@type":"PropertyValueSpecification","valueRequired":true,"valueName":"search_term_string"}}],"inLanguage":"nl-NL"},{"@type":"Organization","@id":"https:\/\/sushi-groot-bijgaarden.be\/nl\/#organization","name":"So Sushi Alost","url":"https:\/\/sushi-groot-bijgaarden.be\/nl\/","logo":{"@type":"ImageObject","inLanguage":"nl-NL","@id":"https:\/\/sushi-groot-bijgaarden.be\/nl\/#\/schema\/logo\/image\/","url":"https:\/\/sushi-groot-bijgaarden.be\/wp-content\/uploads\/2022\/05\/logo-so-sushi-aalst.png","contentUrl":"https:\/\/sushi-groot-bijgaarden.be\/wp-content\/uploads\/2022\/05\/logo-so-sushi-aalst.png","width":100,"height":100,"caption":"So Sushi Alost"},"image":{"@id":"https:\/\/sushi-groot-bijgaarden.be\/nl\/#\/schema\/logo\/image\/"}}]}},"_links":{"self":[{"href":"https:\/\/sushi-groot-bijgaarden.be\/nl\/wp-json\/wp\/v2\/pages\/401","targetHints":{"allow":["GET"]}}],"collection":[{"href":"https:\/\/sushi-groot-bijgaarden.be\/nl\/wp-json\/wp\/v2\/pages"}],"about":[{"href":"https:\/\/sushi-groot-bijgaarden.be\/nl\/wp-json\/wp\/v2\/types\/page"}],"author":[{"embeddable":true,"href":"https:\/\/sushi-groot-bijgaarden.be\/nl\/wp-json\/wp\/v2\/users\/1"}],"replies":[{"embeddable":true,"href":"https:\/\/sushi-groot-bijgaarden.be\/nl\/wp-json\/wp\/v2\/comments?post=401"}],"version-history":[{"count":0,"href":"https:\/\/sushi-groot-bijgaarden.be\/nl\/wp-json\/wp\/v2\/pages\/401\/revisions"}],"wp:attachment":[{"href":"https:\/\/sushi-groot-bijgaarden.be\/nl\/wp-json\/wp\/v2\/media?parent=401"}],"curies":[{"name":"wp","href":"https:\/\/api.w.org\/{rel}","templated":true}]}}