{"id":402,"date":"2022-05-19T11:07:23","date_gmt":"2022-05-19T11:07:23","guid":{"rendered":"https:\/\/sushi-groot-bijgaarden.be\/produits\/"},"modified":"2022-05-19T11:07:23","modified_gmt":"2022-05-19T11:07:23","slug":"produits","status":"publish","type":"page","link":"https:\/\/sushi-groot-bijgaarden.be\/nl\/produits\/","title":{"rendered":"Produits"},"content":{"rendered":"<p>[vc_row][vc_column][vc_column_text css=&#8221;.vc_custom_1653383064696{padding-top: 60px !important;padding-bottom: 30px !important;}&#8221;]<\/p>\n<h2 style=\"text-align: center;\">Parlons un peu<\/h2>\n<p style=\"text-align: center;\">De nos produits embl\u00e9matiques afin que nous puissions vous en donner quelques explications.<br \/>\nSo Sushi Groot-Bijgaarden vous propose un descriptif de ses meilleures recettes.<\/p>\n<p>[\/vc_column_text][\/vc_column][\/vc_row][vc_row gap=&#8221;35&#8243; equal_height=&#8221;yes&#8221; content_placement=&#8221;middle&#8221; css=&#8221;.vc_custom_1653383563405{padding-bottom: 60px !important;}&#8221;][vc_column width=&#8221;1\/2&#8243; el_class=&#8221;dsgn&#8221; css=&#8221;.vc_custom_1654010016901{background-image: url(https:\/\/sushi-groot-bijgaarden.be\/wp-content\/uploads\/2022\/05\/les-maki-rolls-produits-so-sushi-alost.jpg?id=297) !important;background-position: center !important;background-repeat: no-repeat !important;background-size: cover !important;}&#8221;][\/vc_column][vc_column width=&#8221;1\/2&#8243; el_class=&#8221;bloc-txt&#8221;][vc_column_text css=&#8221;.vc_custom_1653383315251{margin-bottom: 0px !important;}&#8221;]<\/p>\n<h2><span class=\"thin\">So Sushi <\/span>Les Makis Rolls<\/h2>\n<p>Les Makis Rolls sont reconnaissables gr\u00e2ce \u00e0 la feuille d\u2019algue nori qui les entoure. Au creux de ces rouleaux de riz se cachent les ingr\u00e9dients de votre choix : saumon, concombre, crevettes, fromage frais ou encore thon et avocat. [\/vc_column_text][\/vc_column][\/vc_row][vc_row gap=&#8221;35&#8243; equal_height=&#8221;yes&#8221; content_placement=&#8221;middle&#8221; css=&#8221;.vc_custom_1653383568572{padding-bottom: 60px !important;}&#8221; el_class=&#8221;reverse&#8221;][vc_column width=&#8221;1\/2&#8243; el_class=&#8221;bloc-txt&#8221;][vc_column_text css=&#8221;.vc_custom_1653383347497{margin-bottom: 0px !important;}&#8221;]<\/p>\n<h2><span class=\"thin\">So Sushi <\/span>Les Spring Rolls<\/h2>\n<p>Alternative aux Makis, ils sauront vous satisfaire si vous n\u2019aimez pas l\u2019algue nori. La base est la m\u00eame mais l\u2019algue est ici remplac\u00e9e par une feuille de riz ou de laitue. Chez So Sushi Groot-Bijgaarden, vous aurez le choix entre des Spring Rolls au tempura de crevettes, au fromage, au saumon, au poulet pan\u00e9 ou au thon.[\/vc_column_text][\/vc_column][vc_column width=&#8221;1\/2&#8243; el_class=&#8221;dsgn&#8221; css=&#8221;.vc_custom_1654010157658{background-image: url(https:\/\/sushi-groot-bijgaarden.be\/wp-content\/uploads\/2022\/05\/les-spring-rolls-produits-so-sushi-alost.jpg?id=299) !important;background-position: center !important;background-repeat: no-repeat !important;background-size: cover !important;}&#8221;][\/vc_column][\/vc_row][vc_row gap=&#8221;35&#8243; equal_height=&#8221;yes&#8221; content_placement=&#8221;middle&#8221; css=&#8221;.vc_custom_1653383575377{padding-bottom: 60px !important;}&#8221;][vc_column width=&#8221;1\/2&#8243; el_class=&#8221;dsgn&#8221; css=&#8221;.vc_custom_1654010286667{background-image: url(https:\/\/sushi-groot-bijgaarden.be\/wp-content\/uploads\/2022\/05\/les-california-rolls-produits-so-sushi-alost.jpg?id=301) !important;background-position: center !important;background-repeat: no-repeat !important;background-size: cover !important;}&#8221;][\/vc_column][vc_column width=&#8221;1\/2&#8243; el_class=&#8221;bloc-txt&#8221;][vc_column_text css=&#8221;.vc_custom_1653383373169{margin-bottom: 0px !important;}&#8221;]<\/p>\n<h2><span class=\"thin\">So Sushi <\/span>Les California Rolls<\/h2>\n<p>Les California Rolls, eux, vous offrent une texture diff\u00e9rente puisque leur ext\u00e9rieur est d\u00e9limit\u00e9 par le riz. La feuille d\u2019algue nori y est plac\u00e9e \u00e0 l\u2019int\u00e9rieur pour entourer du saumon, du thon ou d\u2019autres ingr\u00e9dients.[\/vc_column_text][\/vc_column][\/vc_row][vc_row gap=&#8221;35&#8243; equal_height=&#8221;yes&#8221; content_placement=&#8221;middle&#8221; css=&#8221;.vc_custom_1653383584440{padding-bottom: 60px !important;}&#8221; el_class=&#8221;reverse&#8221;][vc_column width=&#8221;1\/2&#8243; el_class=&#8221;bloc-txt&#8221;][vc_column_text css=&#8221;.vc_custom_1653383400562{margin-bottom: 0px !important;}&#8221;]<\/p>\n<h2><span class=\"thin\">So Sushi <\/span>Les Poke Bowls<\/h2>\n<p>Les Poke Bowls ne sont plus \u00e0 pr\u00e9senter tant ils ont la cote ! Bol de riz consistant, il est certain que ce plat comblera l\u2019app\u00e9tit des plus gourmands. Au poulet Teriyaki, au thon \u00e9pic\u00e9, aux crevettes, au saumon ou au fromage, nos Poke Bowls sauront vous ravir. En plus de ce choix de viande, ils sont toujours compos\u00e9s de crudit\u00e9s et d\u2019une base de riz.[\/vc_column_text][\/vc_column][vc_column width=&#8221;1\/2&#8243; el_class=&#8221;dsgn&#8221; css=&#8221;.vc_custom_1654010425150{background-image: url(https:\/\/sushi-groot-bijgaarden.be\/wp-content\/uploads\/2022\/05\/les-poke-bowl-produits-so-sushi-alost.jpg?id=303) !important;background-position: center !important;background-repeat: no-repeat !important;background-size: cover !important;}&#8221;][\/vc_column][\/vc_row][vc_row gap=&#8221;35&#8243; equal_height=&#8221;yes&#8221; content_placement=&#8221;middle&#8221; css=&#8221;.vc_custom_1653383593314{padding-bottom: 60px !important;}&#8221;][vc_column width=&#8221;1\/2&#8243; el_class=&#8221;dsgn&#8221; css=&#8221;.vc_custom_1654010684265{background-image: url(https:\/\/sushi-groot-bijgaarden.be\/wp-content\/uploads\/2022\/05\/chirashis-produits-so-sushi-alost.jpg?id=305) !important;background-position: center !important;background-repeat: no-repeat !important;background-size: cover !important;}&#8221;][\/vc_column][vc_column width=&#8221;1\/2&#8243; el_class=&#8221;bloc-txt&#8221;][vc_column_text css=&#8221;.vc_custom_1653383443225{margin-bottom: 0px !important;}&#8221;]<\/p>\n<h2><span class=\"thin\">So Sushi <\/span>Les Chirashis<\/h2>\n<p>Autre bol de riz, le Chirashi est bien ancr\u00e9 dans les traditions du Japon. Sur sa base, vous trouverez du poisson g\u00e9n\u00e9ralement cru et divers ingr\u00e9dients comme le s\u00e9same, le concombre ou l\u2019avocat.[\/vc_column_text][\/vc_column][\/vc_row][vc_row gap=&#8221;35&#8243; equal_height=&#8221;yes&#8221; content_placement=&#8221;middle&#8221; css=&#8221;.vc_custom_1653383598402{padding-bottom: 60px !important;}&#8221; el_class=&#8221;reverse&#8221;][vc_column width=&#8221;1\/2&#8243; el_class=&#8221;bloc-txt&#8221;][vc_column_text css=&#8221;.vc_custom_1653383466183{margin-bottom: 0px !important;}&#8221;]<\/p>\n<h2><span class=\"thin\">So Sushi <\/span>Les Special Rolls<\/h2>\n<p>Vous proposer des recettes traditionnelles du Japon, c\u2019est bien ! Varier les plaisirs et vous pr\u00e9parer des sushis originaux, c\u2019est encore mieux. Cette cat\u00e9gorie de Specials Rolls r\u00e9pond \u00e0 cette demande puisqu\u2019ils sont concoct\u00e9s gr\u00e2ce au talent de nos chefs. Ils vous cuisinent ainsi des plats d\u00e9licieux comprenant des ingr\u00e9dients tels que la p\u00eache, le miel ou la mayonnaise \u00e9pic\u00e9e.[\/vc_column_text][\/vc_column][vc_column width=&#8221;1\/2&#8243; el_class=&#8221;dsgn&#8221; css=&#8221;.vc_custom_1654010969033{background-image: url(https:\/\/sushi-groot-bijgaarden.be\/wp-content\/uploads\/2022\/05\/les-special-rolls-produits-so-sushi-alost.jpg?id=307) !important;background-position: center !important;background-repeat: no-repeat !important;background-size: cover !important;}&#8221;][\/vc_column][\/vc_row][vc_row gap=&#8221;35&#8243; equal_height=&#8221;yes&#8221; content_placement=&#8221;middle&#8221; css=&#8221;.vc_custom_1653383603166{padding-bottom: 60px !important;}&#8221;][vc_column width=&#8221;1\/2&#8243; el_class=&#8221;dsgn&#8221; css=&#8221;.vc_custom_1654011129423{background-image: url(https:\/\/sushi-groot-bijgaarden.be\/wp-content\/uploads\/2022\/05\/les-nigiris-produits-so-sushi-alost.jpg?id=309) !important;background-position: center !important;background-repeat: no-repeat !important;background-size: cover !important;}&#8221;][\/vc_column][vc_column width=&#8221;1\/2&#8243; el_class=&#8221;bloc-txt&#8221;][vc_column_text css=&#8221;.vc_custom_1653383492071{margin-bottom: 0px !important;}&#8221;]<\/p>\n<h2><span class=\"thin\">So Sushi <\/span>Les Nigiris<\/h2>\n<p>Vous avez certainement d\u00e9j\u00e0 vu des Nigiris dans les plateaux de sushis. Tr\u00e8s simplistes, ils contiennent une boule de riz vinaigr\u00e9 et un morceau de poisson cru ou cuit d\u00e9pos\u00e9 dessus. Grand must-have de nos produits, nous en faisons au thon, aux \u0153ufs, au tofu, aux crevettes, aux anguilles ou au saumon.[\/vc_column_text][\/vc_column][\/vc_row][vc_row gap=&#8221;35&#8243; equal_height=&#8221;yes&#8221; content_placement=&#8221;middle&#8221; css=&#8221;.vc_custom_1653383608907{padding-bottom: 60px !important;}&#8221; el_class=&#8221;reverse&#8221;][vc_column width=&#8221;1\/2&#8243; el_class=&#8221;bloc-txt&#8221;][vc_column_text css=&#8221;.vc_custom_1653383514518{margin-bottom: 0px !important;}&#8221;]<\/p>\n<h2><span class=\"thin\">So Sushi <\/span>Les plateaux<\/h2>\n<p>Les plateaux repr\u00e9sentent l\u2019option id\u00e9ale lorsque vous \u00eates plusieurs \u00e0 commander. Ils permettent d\u2019explorer plusieurs vari\u00e9t\u00e9s de sushis. Ils sont compos\u00e9s de 8 \u00e0 100 pi\u00e8ces. Lorsque vous choisissez un plateau de minimum 30 pi\u00e8ces, nos chefs vous en proposent aux saveurs et aux go\u00fbts vari\u00e9s. [\/vc_column_text][\/vc_column][vc_column width=&#8221;1\/2&#8243; el_class=&#8221;dsgn&#8221; css=&#8221;.vc_custom_1654011248037{background-image: url(https:\/\/sushi-groot-bijgaarden.be\/wp-content\/uploads\/2022\/05\/les-plateaux-produits-so-sushi-alost.jpg?id=311) !important;background-position: center !important;background-repeat: no-repeat !important;background-size: cover !important;}&#8221;][\/vc_column][\/vc_row]<\/p>\n","protected":false},"excerpt":{"rendered":"<p>[vc_row][vc_column][vc_column_text css=&#8221;.vc_custom_1653383064696{padding-top: 60px !important;padding-bottom: 30px !important;}&#8221;] Parlons un peu De nos produits embl\u00e9matiques afin que nous puissions vous en donner quelques explications. So Sushi Groot-Bijgaarden vous<span class=\"excerpt-hellip\"> [\u2026]<\/span><\/p>\n","protected":false},"author":1,"featured_media":0,"parent":0,"menu_order":0,"comment_status":"closed","ping_status":"closed","template":"","meta":{"footnotes":""},"class_list":["post-402","page","type-page","status-publish","hentry"],"yoast_head":"<!-- This site is optimized with the Yoast SEO plugin v27.3 - https:\/\/yoast.com\/product\/yoast-seo-wordpress\/ -->\n<title>Produits - SO SUSHI AALST<\/title>\n<meta name=\"robots\" content=\"noindex, follow, max-snippet:-1, max-image-preview:large, max-video-preview:-1\" \/>\n<meta property=\"og:locale\" content=\"nl_NL\" \/>\n<meta property=\"og:type\" content=\"article\" \/>\n<meta property=\"og:title\" content=\"Produits - SO SUSHI AALST\" \/>\n<meta property=\"og:description\" content=\"[vc_row][vc_column][vc_column_text css=&#8221;.vc_custom_1653383064696{padding-top: 60px !important;padding-bottom: 30px !important;}&#8221;] Parlons un peu De nos produits embl\u00e9matiques afin que nous puissions vous en donner quelques explications. So Sushi Groot-Bijgaarden vous [\u2026]\" \/>\n<meta property=\"og:url\" content=\"https:\/\/sushi-groot-bijgaarden.be\/nl\/produits\/\" \/>\n<meta property=\"og:site_name\" content=\"SO SUSHI AALST\" \/>\n<meta name=\"twitter:card\" content=\"summary_large_image\" \/>\n<meta name=\"twitter:label1\" content=\"Geschatte leestijd\" \/>\n\t<meta name=\"twitter:data1\" content=\"5 minuten\" \/>\n<script type=\"application\/ld+json\" class=\"yoast-schema-graph\">{\"@context\":\"https:\\\/\\\/schema.org\",\"@graph\":[{\"@type\":\"WebPage\",\"@id\":\"https:\\\/\\\/sushi-groot-bijgaarden.be\\\/nl\\\/produits\\\/\",\"url\":\"https:\\\/\\\/sushi-groot-bijgaarden.be\\\/nl\\\/produits\\\/\",\"name\":\"Produits - SO SUSHI AALST\",\"isPartOf\":{\"@id\":\"https:\\\/\\\/sushi-groot-bijgaarden.be\\\/nl\\\/#website\"},\"datePublished\":\"2022-05-19T11:07:23+00:00\",\"breadcrumb\":{\"@id\":\"https:\\\/\\\/sushi-groot-bijgaarden.be\\\/nl\\\/produits\\\/#breadcrumb\"},\"inLanguage\":\"nl-NL\",\"potentialAction\":[{\"@type\":\"ReadAction\",\"target\":[\"https:\\\/\\\/sushi-groot-bijgaarden.be\\\/nl\\\/produits\\\/\"]}]},{\"@type\":\"BreadcrumbList\",\"@id\":\"https:\\\/\\\/sushi-groot-bijgaarden.be\\\/nl\\\/produits\\\/#breadcrumb\",\"itemListElement\":[{\"@type\":\"ListItem\",\"position\":1,\"name\":\"Accueil\",\"item\":\"https:\\\/\\\/sushi-groot-bijgaarden.be\\\/nl\\\/\"},{\"@type\":\"ListItem\",\"position\":2,\"name\":\"Produits\"}]},{\"@type\":\"WebSite\",\"@id\":\"https:\\\/\\\/sushi-groot-bijgaarden.be\\\/nl\\\/#website\",\"url\":\"https:\\\/\\\/sushi-groot-bijgaarden.be\\\/nl\\\/\",\"name\":\"SO SUSHI AALST\",\"description\":\"\",\"publisher\":{\"@id\":\"https:\\\/\\\/sushi-groot-bijgaarden.be\\\/nl\\\/#organization\"},\"potentialAction\":[{\"@type\":\"SearchAction\",\"target\":{\"@type\":\"EntryPoint\",\"urlTemplate\":\"https:\\\/\\\/sushi-groot-bijgaarden.be\\\/nl\\\/?s={search_term_string}\"},\"query-input\":{\"@type\":\"PropertyValueSpecification\",\"valueRequired\":true,\"valueName\":\"search_term_string\"}}],\"inLanguage\":\"nl-NL\"},{\"@type\":\"Organization\",\"@id\":\"https:\\\/\\\/sushi-groot-bijgaarden.be\\\/nl\\\/#organization\",\"name\":\"So Sushi Alost\",\"url\":\"https:\\\/\\\/sushi-groot-bijgaarden.be\\\/nl\\\/\",\"logo\":{\"@type\":\"ImageObject\",\"inLanguage\":\"nl-NL\",\"@id\":\"https:\\\/\\\/sushi-groot-bijgaarden.be\\\/nl\\\/#\\\/schema\\\/logo\\\/image\\\/\",\"url\":\"https:\\\/\\\/sushi-groot-bijgaarden.be\\\/wp-content\\\/uploads\\\/2022\\\/05\\\/logo-so-sushi-aalst.png\",\"contentUrl\":\"https:\\\/\\\/sushi-groot-bijgaarden.be\\\/wp-content\\\/uploads\\\/2022\\\/05\\\/logo-so-sushi-aalst.png\",\"width\":100,\"height\":100,\"caption\":\"So Sushi Alost\"},\"image\":{\"@id\":\"https:\\\/\\\/sushi-groot-bijgaarden.be\\\/nl\\\/#\\\/schema\\\/logo\\\/image\\\/\"}}]}<\/script>\n<!-- \/ Yoast SEO plugin. -->","yoast_head_json":{"title":"Produits - SO SUSHI AALST","robots":{"index":"noindex","follow":"follow","max-snippet":"max-snippet:-1","max-image-preview":"max-image-preview:large","max-video-preview":"max-video-preview:-1"},"og_locale":"nl_NL","og_type":"article","og_title":"Produits - SO SUSHI AALST","og_description":"[vc_row][vc_column][vc_column_text css=&#8221;.vc_custom_1653383064696{padding-top: 60px !important;padding-bottom: 30px !important;}&#8221;] Parlons un peu De nos produits embl\u00e9matiques afin que nous puissions vous en donner quelques explications. So Sushi Groot-Bijgaarden vous [\u2026]","og_url":"https:\/\/sushi-groot-bijgaarden.be\/nl\/produits\/","og_site_name":"SO SUSHI AALST","twitter_card":"summary_large_image","twitter_misc":{"Geschatte leestijd":"5 minuten"},"schema":{"@context":"https:\/\/schema.org","@graph":[{"@type":"WebPage","@id":"https:\/\/sushi-groot-bijgaarden.be\/nl\/produits\/","url":"https:\/\/sushi-groot-bijgaarden.be\/nl\/produits\/","name":"Produits - SO SUSHI AALST","isPartOf":{"@id":"https:\/\/sushi-groot-bijgaarden.be\/nl\/#website"},"datePublished":"2022-05-19T11:07:23+00:00","breadcrumb":{"@id":"https:\/\/sushi-groot-bijgaarden.be\/nl\/produits\/#breadcrumb"},"inLanguage":"nl-NL","potentialAction":[{"@type":"ReadAction","target":["https:\/\/sushi-groot-bijgaarden.be\/nl\/produits\/"]}]},{"@type":"BreadcrumbList","@id":"https:\/\/sushi-groot-bijgaarden.be\/nl\/produits\/#breadcrumb","itemListElement":[{"@type":"ListItem","position":1,"name":"Accueil","item":"https:\/\/sushi-groot-bijgaarden.be\/nl\/"},{"@type":"ListItem","position":2,"name":"Produits"}]},{"@type":"WebSite","@id":"https:\/\/sushi-groot-bijgaarden.be\/nl\/#website","url":"https:\/\/sushi-groot-bijgaarden.be\/nl\/","name":"SO SUSHI AALST","description":"","publisher":{"@id":"https:\/\/sushi-groot-bijgaarden.be\/nl\/#organization"},"potentialAction":[{"@type":"SearchAction","target":{"@type":"EntryPoint","urlTemplate":"https:\/\/sushi-groot-bijgaarden.be\/nl\/?s={search_term_string}"},"query-input":{"@type":"PropertyValueSpecification","valueRequired":true,"valueName":"search_term_string"}}],"inLanguage":"nl-NL"},{"@type":"Organization","@id":"https:\/\/sushi-groot-bijgaarden.be\/nl\/#organization","name":"So Sushi Alost","url":"https:\/\/sushi-groot-bijgaarden.be\/nl\/","logo":{"@type":"ImageObject","inLanguage":"nl-NL","@id":"https:\/\/sushi-groot-bijgaarden.be\/nl\/#\/schema\/logo\/image\/","url":"https:\/\/sushi-groot-bijgaarden.be\/wp-content\/uploads\/2022\/05\/logo-so-sushi-aalst.png","contentUrl":"https:\/\/sushi-groot-bijgaarden.be\/wp-content\/uploads\/2022\/05\/logo-so-sushi-aalst.png","width":100,"height":100,"caption":"So Sushi Alost"},"image":{"@id":"https:\/\/sushi-groot-bijgaarden.be\/nl\/#\/schema\/logo\/image\/"}}]}},"_links":{"self":[{"href":"https:\/\/sushi-groot-bijgaarden.be\/nl\/wp-json\/wp\/v2\/pages\/402","targetHints":{"allow":["GET"]}}],"collection":[{"href":"https:\/\/sushi-groot-bijgaarden.be\/nl\/wp-json\/wp\/v2\/pages"}],"about":[{"href":"https:\/\/sushi-groot-bijgaarden.be\/nl\/wp-json\/wp\/v2\/types\/page"}],"author":[{"embeddable":true,"href":"https:\/\/sushi-groot-bijgaarden.be\/nl\/wp-json\/wp\/v2\/users\/1"}],"replies":[{"embeddable":true,"href":"https:\/\/sushi-groot-bijgaarden.be\/nl\/wp-json\/wp\/v2\/comments?post=402"}],"version-history":[{"count":0,"href":"https:\/\/sushi-groot-bijgaarden.be\/nl\/wp-json\/wp\/v2\/pages\/402\/revisions"}],"wp:attachment":[{"href":"https:\/\/sushi-groot-bijgaarden.be\/nl\/wp-json\/wp\/v2\/media?parent=402"}],"curies":[{"name":"wp","href":"https:\/\/api.w.org\/{rel}","templated":true}]}}