{"id":404,"date":"2022-05-19T11:06:49","date_gmt":"2022-05-19T11:06:49","guid":{"rendered":"https:\/\/sushi-groot-bijgaarden.be\/a-propos\/"},"modified":"2022-05-19T11:06:49","modified_gmt":"2022-05-19T11:06:49","slug":"a-propos","status":"publish","type":"page","link":"https:\/\/sushi-groot-bijgaarden.be\/nl\/a-propos\/","title":{"rendered":"\u00c0 propos"},"content":{"rendered":"<p>[vc_row gap=&#8221;35&#8243; equal_height=&#8221;yes&#8221; content_placement=&#8221;middle&#8221; css=&#8221;.vc_custom_1653380736669{padding-top: 60px !important;padding-bottom: 60px !important;}&#8221;][vc_column width=&#8221;1\/2&#8243; el_class=&#8221;dsgn&#8221; css=&#8221;.vc_custom_1654005118267{background-image: url(https:\/\/sushi-groot-bijgaarden.be\/wp-content\/uploads\/2022\/05\/a-propos-so-sushi-alost.jpg?id=270) !important;background-position: center !important;background-repeat: no-repeat !important;background-size: cover !important;}&#8221;][\/vc_column][vc_column width=&#8221;1\/2&#8243; el_class=&#8221;bloc-txt&#8221;][vc_column_text css=&#8221;.vc_custom_1653380677796{margin-bottom: 0px !important;}&#8221;]<\/p>\n<h2><span class=\"thin\">So Sushi <\/span>Craquez pour nos sushis japonais<\/h2>\n<p>C\u2019est \u00e0 Groot-Bijgaarden, pr\u00e8s de Ninove et Zierbeek, que nous proposons notre savoureuse cuisine japonaise. Leaders dans notre domaine, nos diff\u00e9rents restaurants sont bien l\u00e0 pour l\u2019attester !<\/p>\n<p>So Sushi d\u00e9coule d\u2019une passion, celle de faire conna\u00eetre le Japon et ses traditions culinaires au monde entier. Nous aimons cr\u00e9er des plats d\u2019exception et les partager quotidiennement avec nos clients. Pour cette raison, nos chefs rel\u00e8vent chaque jour le d\u00e9fi de concocter des recettes authentiques et innovantes.[\/vc_column_text][\/vc_column][\/vc_row][vc_row full_width=&#8221;stretch_row&#8221; equal_height=&#8221;yes&#8221; content_placement=&#8221;middle&#8221; el_class=&#8221;parallax bg-dark&#8221; css=&#8221;.vc_custom_1654007028512{margin-bottom: 60px !important;padding-top: 80px !important;padding-bottom: 80px !important;background-image: url(https:\/\/sushi-groot-bijgaarden.be\/wp-content\/uploads\/2022\/05\/bg-a-propos-so-sushi-alost.jpg?id=283) !important;background-position: center !important;background-repeat: no-repeat !important;background-size: cover !important;}&#8221;][vc_column width=&#8221;1\/2&#8243; css=&#8221;.vc_custom_1653037308287{padding-top: 0px !important;}&#8221;][vc_column_text css=&#8221;.vc_custom_1729514106061{margin-bottom: 0px !important;}&#8221;]Notre \u00e9quipe, elle, se charge de vous guider \u00e0 travers un service simple, pratique et qualitatif. Gr\u00e2ce \u00e0 notre syst\u00e8me, vous \u00eates libre de choisir la mani\u00e8re dont vous r\u00e9cup\u00e9rez votre commande. Nous vous accueillons dans notre salle de restaurant si vous souhaitez manger sur place mais nous vous livrons \u00e9galement dans un rayon de 10 kilom\u00e8tres si vous ne souhaitez pas vous d\u00e9placer. Nos livreurs passent, entre autres, par Wambeek, Schepdaal, Asbeek, Zierbeek, Affligem, Ninove, Lennik, Ternat, Roosdaal.<\/p>\n<p class=\"commande\"><a href=\"http:\/\/shop.sushi-dilbeek.be\" target=\"_blank\" rel=\"noopener\">Commander en ligne <\/a><\/p>\n<p>[\/vc_column_text][\/vc_column][vc_column width=&#8221;1\/2&#8243; css=&#8221;.vc_custom_1653037344832{padding-top: 0px !important;}&#8221;][\/vc_column][\/vc_row][vc_row full_width=&#8221;stretch_row&#8221; gap=&#8221;35&#8243; equal_height=&#8221;yes&#8221; content_placement=&#8221;middle&#8221; css=&#8221;.vc_custom_1653989893256{padding-bottom: 60px !important;background-image: url(https:\/\/sushi-groot-bijgaarden.be\/wp-content\/uploads\/2022\/05\/japanese-dsgn-so-sushi-aalst.png?id=172) !important;}&#8221; el_class=&#8221;bg-dsgn&#8221;][vc_column width=&#8221;1\/2&#8243; css=&#8221;.vc_custom_1654005326470{padding-top: 400px !important;background-image: url(https:\/\/sushi-groot-bijgaarden.be\/wp-content\/uploads\/2022\/05\/repas-a-emporter-a-propos-so-sushi-alost.jpg?id=272) !important;background-position: center !important;background-repeat: no-repeat !important;background-size: cover !important;}&#8221; el_class=&#8221;dsgn-up-down&#8221;][\/vc_column][vc_column width=&#8221;1\/2&#8243; el_class=&#8221;bloc-content&#8221;][vc_column_text css=&#8221;.vc_custom_1653380797733{margin-bottom: 0px !important;}&#8221;]<\/p>\n<h2><span class=\"thin\">So Sushi <\/span>Nous vous proposons \u00e9galement des repas \u00e0 emporter.<\/h2>\n<p>La d\u00e9marche est facile. Vous commandez tranquillement votre menu via notre plateforme en ligne, vous s\u00e9lectionnez le point Click &amp; Collect et vous venez r\u00e9cup\u00e9rer votre commande \u00e0 l\u2019heure que vous avez choisie.<\/p>\n<p>Nous d\u00e9pendons tous d\u2019un emploi du temps diff\u00e9rent et d\u2019une mani\u00e8re personnelle de nous organiser. Nos plannings, nos envies et nos attentes ne sont jamais les m\u00eames et c\u2019est bien pour cela que nous multiplions nos champs d\u2019actions. De plus, la crise sanitaire nous a forc\u00e9 \u00e0 repenser notre syst\u00e8me et \u00e0 en cr\u00e9er un nouveau, plus respectueux de la sant\u00e9 de chacun.[\/vc_column_text][\/vc_column][\/vc_row][vc_row full_width=&#8221;stretch_row&#8221; equal_height=&#8221;yes&#8221; content_placement=&#8221;middle&#8221; el_class=&#8221;parallax bg-dark&#8221; css=&#8221;.vc_custom_1653038409829{padding-top: 80px !important;padding-bottom: 80px !important;background-image: url(https:\/\/sushi-groot-bijgaarden.be\/wp-content\/uploads\/2022\/05\/click-and-collect-sushi-alost.jpg?id=145) !important;background-position: center !important;background-repeat: no-repeat !important;background-size: cover !important;}&#8221;][vc_column width=&#8221;1\/2&#8243; css=&#8221;.vc_custom_1653037308287{padding-top: 0px !important;}&#8221;][vc_column_text css=&#8221;.vc_custom_1653381581970{margin-bottom: 0px !important;}&#8221;]<\/p>\n<h2><span class=\"thin\">So Sushi<\/span>Gr\u00e2ce \u00e0 notre mani\u00e8re de proc\u00e9der<\/h2>\n<p>Vous n\u2019\u00eates plus coinc\u00e9s dans de longues files d\u2019attente. Vous effectuez votre commande directement en ligne et nous nous chargeons du reste. Nous \u00e9vitons ainsi toutes sources de frustration et respectons les normes gouvernementales.<\/p>\n<p>L\u2019\u00e9quipe de So Sushi se veut disponible pour toutes vos demandes et vos questions. N\u2019h\u00e9sitez pas \u00e0 nous joindre pour que nous puissions discuter d\u2019un projet, d\u2019une occasion ou de nos propres services. Nous serons heureux de satisfaire vos besoins.<\/p>\n<p class=\"commande\"><a href=\"https:\/\/sushi-groot-bijgaarden.be\/nl\/contact\/\">Nous contacter<\/a><\/p>\n<p>[\/vc_column_text][\/vc_column][vc_column width=&#8221;1\/2&#8243; css=&#8221;.vc_custom_1653037344832{padding-top: 0px !important;}&#8221;][\/vc_column][\/vc_row]<\/p>\n","protected":false},"excerpt":{"rendered":"<p>[vc_row gap=&#8221;35&#8243; equal_height=&#8221;yes&#8221; content_placement=&#8221;middle&#8221; css=&#8221;.vc_custom_1653380736669{padding-top: 60px !important;padding-bottom: 60px !important;}&#8221;][vc_column width=&#8221;1\/2&#8243; el_class=&#8221;dsgn&#8221; css=&#8221;.vc_custom_1654005118267{background-image: url(https:\/\/sushi-groot-bijgaarden.be\/wp-content\/uploads\/2022\/05\/a-propos-so-sushi-alost.jpg?id=270) !important;background-position: center !important;background-repeat: no-repeat !important;background-size: cover !important;}&#8221;][\/vc_column][vc_column width=&#8221;1\/2&#8243; el_class=&#8221;bloc-txt&#8221;][vc_column_text css=&#8221;.vc_custom_1653380677796{margin-bottom: 0px !important;}&#8221;] So<span class=\"excerpt-hellip\"> [\u2026]<\/span><\/p>\n","protected":false},"author":1,"featured_media":0,"parent":0,"menu_order":0,"comment_status":"closed","ping_status":"closed","template":"","meta":{"footnotes":""},"class_list":["post-404","page","type-page","status-publish","hentry"],"yoast_head":"<!-- This site is optimized with the Yoast SEO plugin v27.3 - https:\/\/yoast.com\/product\/yoast-seo-wordpress\/ -->\n<title>\u00c0 propos - SO SUSHI AALST<\/title>\n<meta name=\"robots\" content=\"noindex, follow, max-snippet:-1, max-image-preview:large, max-video-preview:-1\" \/>\n<meta property=\"og:locale\" content=\"nl_NL\" \/>\n<meta property=\"og:type\" content=\"article\" \/>\n<meta property=\"og:title\" content=\"\u00c0 propos - SO SUSHI AALST\" \/>\n<meta property=\"og:description\" content=\"[vc_row gap=&#8221;35&#8243; equal_height=&#8221;yes&#8221; content_placement=&#8221;middle&#8221; css=&#8221;.vc_custom_1653380736669{padding-top: 60px !important;padding-bottom: 60px !important;}&#8221;][vc_column width=&#8221;1\/2&#8243; el_class=&#8221;dsgn&#8221; css=&#8221;.vc_custom_1654005118267{background-image: url(https:\/\/sushi-groot-bijgaarden.be\/wp-content\/uploads\/2022\/05\/a-propos-so-sushi-alost.jpg?id=270) !important;background-position: center !important;background-repeat: no-repeat !important;background-size: cover !important;}&#8221;][\/vc_column][vc_column width=&#8221;1\/2&#8243; el_class=&#8221;bloc-txt&#8221;][vc_column_text css=&#8221;.vc_custom_1653380677796{margin-bottom: 0px !important;}&#8221;] So [\u2026]\" \/>\n<meta property=\"og:url\" content=\"https:\/\/sushi-groot-bijgaarden.be\/nl\/a-propos\/\" \/>\n<meta property=\"og:site_name\" content=\"SO SUSHI AALST\" \/>\n<meta name=\"twitter:card\" content=\"summary_large_image\" \/>\n<meta name=\"twitter:label1\" content=\"Geschatte leestijd\" \/>\n\t<meta name=\"twitter:data1\" content=\"4 minuten\" \/>\n<script type=\"application\/ld+json\" class=\"yoast-schema-graph\">{\"@context\":\"https:\\\/\\\/schema.org\",\"@graph\":[{\"@type\":\"WebPage\",\"@id\":\"https:\\\/\\\/sushi-groot-bijgaarden.be\\\/nl\\\/a-propos\\\/\",\"url\":\"https:\\\/\\\/sushi-groot-bijgaarden.be\\\/nl\\\/a-propos\\\/\",\"name\":\"\u00c0 propos - SO SUSHI AALST\",\"isPartOf\":{\"@id\":\"https:\\\/\\\/sushi-groot-bijgaarden.be\\\/nl\\\/#website\"},\"datePublished\":\"2022-05-19T11:06:49+00:00\",\"breadcrumb\":{\"@id\":\"https:\\\/\\\/sushi-groot-bijgaarden.be\\\/nl\\\/a-propos\\\/#breadcrumb\"},\"inLanguage\":\"nl-NL\",\"potentialAction\":[{\"@type\":\"ReadAction\",\"target\":[\"https:\\\/\\\/sushi-groot-bijgaarden.be\\\/nl\\\/a-propos\\\/\"]}]},{\"@type\":\"BreadcrumbList\",\"@id\":\"https:\\\/\\\/sushi-groot-bijgaarden.be\\\/nl\\\/a-propos\\\/#breadcrumb\",\"itemListElement\":[{\"@type\":\"ListItem\",\"position\":1,\"name\":\"Accueil\",\"item\":\"https:\\\/\\\/sushi-groot-bijgaarden.be\\\/nl\\\/\"},{\"@type\":\"ListItem\",\"position\":2,\"name\":\"\u00c0 propos\"}]},{\"@type\":\"WebSite\",\"@id\":\"https:\\\/\\\/sushi-groot-bijgaarden.be\\\/nl\\\/#website\",\"url\":\"https:\\\/\\\/sushi-groot-bijgaarden.be\\\/nl\\\/\",\"name\":\"SO SUSHI AALST\",\"description\":\"\",\"publisher\":{\"@id\":\"https:\\\/\\\/sushi-groot-bijgaarden.be\\\/nl\\\/#organization\"},\"potentialAction\":[{\"@type\":\"SearchAction\",\"target\":{\"@type\":\"EntryPoint\",\"urlTemplate\":\"https:\\\/\\\/sushi-groot-bijgaarden.be\\\/nl\\\/?s={search_term_string}\"},\"query-input\":{\"@type\":\"PropertyValueSpecification\",\"valueRequired\":true,\"valueName\":\"search_term_string\"}}],\"inLanguage\":\"nl-NL\"},{\"@type\":\"Organization\",\"@id\":\"https:\\\/\\\/sushi-groot-bijgaarden.be\\\/nl\\\/#organization\",\"name\":\"So Sushi Alost\",\"url\":\"https:\\\/\\\/sushi-groot-bijgaarden.be\\\/nl\\\/\",\"logo\":{\"@type\":\"ImageObject\",\"inLanguage\":\"nl-NL\",\"@id\":\"https:\\\/\\\/sushi-groot-bijgaarden.be\\\/nl\\\/#\\\/schema\\\/logo\\\/image\\\/\",\"url\":\"https:\\\/\\\/sushi-groot-bijgaarden.be\\\/wp-content\\\/uploads\\\/2022\\\/05\\\/logo-so-sushi-aalst.png\",\"contentUrl\":\"https:\\\/\\\/sushi-groot-bijgaarden.be\\\/wp-content\\\/uploads\\\/2022\\\/05\\\/logo-so-sushi-aalst.png\",\"width\":100,\"height\":100,\"caption\":\"So Sushi Alost\"},\"image\":{\"@id\":\"https:\\\/\\\/sushi-groot-bijgaarden.be\\\/nl\\\/#\\\/schema\\\/logo\\\/image\\\/\"}}]}<\/script>\n<!-- \/ Yoast SEO plugin. -->","yoast_head_json":{"title":"\u00c0 propos - SO SUSHI AALST","robots":{"index":"noindex","follow":"follow","max-snippet":"max-snippet:-1","max-image-preview":"max-image-preview:large","max-video-preview":"max-video-preview:-1"},"og_locale":"nl_NL","og_type":"article","og_title":"\u00c0 propos - SO SUSHI AALST","og_description":"[vc_row gap=&#8221;35&#8243; equal_height=&#8221;yes&#8221; content_placement=&#8221;middle&#8221; css=&#8221;.vc_custom_1653380736669{padding-top: 60px !important;padding-bottom: 60px !important;}&#8221;][vc_column width=&#8221;1\/2&#8243; el_class=&#8221;dsgn&#8221; css=&#8221;.vc_custom_1654005118267{background-image: url(https:\/\/sushi-groot-bijgaarden.be\/wp-content\/uploads\/2022\/05\/a-propos-so-sushi-alost.jpg?id=270) !important;background-position: center !important;background-repeat: no-repeat !important;background-size: cover !important;}&#8221;][\/vc_column][vc_column width=&#8221;1\/2&#8243; el_class=&#8221;bloc-txt&#8221;][vc_column_text css=&#8221;.vc_custom_1653380677796{margin-bottom: 0px !important;}&#8221;] So [\u2026]","og_url":"https:\/\/sushi-groot-bijgaarden.be\/nl\/a-propos\/","og_site_name":"SO SUSHI AALST","twitter_card":"summary_large_image","twitter_misc":{"Geschatte leestijd":"4 minuten"},"schema":{"@context":"https:\/\/schema.org","@graph":[{"@type":"WebPage","@id":"https:\/\/sushi-groot-bijgaarden.be\/nl\/a-propos\/","url":"https:\/\/sushi-groot-bijgaarden.be\/nl\/a-propos\/","name":"\u00c0 propos - SO SUSHI AALST","isPartOf":{"@id":"https:\/\/sushi-groot-bijgaarden.be\/nl\/#website"},"datePublished":"2022-05-19T11:06:49+00:00","breadcrumb":{"@id":"https:\/\/sushi-groot-bijgaarden.be\/nl\/a-propos\/#breadcrumb"},"inLanguage":"nl-NL","potentialAction":[{"@type":"ReadAction","target":["https:\/\/sushi-groot-bijgaarden.be\/nl\/a-propos\/"]}]},{"@type":"BreadcrumbList","@id":"https:\/\/sushi-groot-bijgaarden.be\/nl\/a-propos\/#breadcrumb","itemListElement":[{"@type":"ListItem","position":1,"name":"Accueil","item":"https:\/\/sushi-groot-bijgaarden.be\/nl\/"},{"@type":"ListItem","position":2,"name":"\u00c0 propos"}]},{"@type":"WebSite","@id":"https:\/\/sushi-groot-bijgaarden.be\/nl\/#website","url":"https:\/\/sushi-groot-bijgaarden.be\/nl\/","name":"SO SUSHI AALST","description":"","publisher":{"@id":"https:\/\/sushi-groot-bijgaarden.be\/nl\/#organization"},"potentialAction":[{"@type":"SearchAction","target":{"@type":"EntryPoint","urlTemplate":"https:\/\/sushi-groot-bijgaarden.be\/nl\/?s={search_term_string}"},"query-input":{"@type":"PropertyValueSpecification","valueRequired":true,"valueName":"search_term_string"}}],"inLanguage":"nl-NL"},{"@type":"Organization","@id":"https:\/\/sushi-groot-bijgaarden.be\/nl\/#organization","name":"So Sushi Alost","url":"https:\/\/sushi-groot-bijgaarden.be\/nl\/","logo":{"@type":"ImageObject","inLanguage":"nl-NL","@id":"https:\/\/sushi-groot-bijgaarden.be\/nl\/#\/schema\/logo\/image\/","url":"https:\/\/sushi-groot-bijgaarden.be\/wp-content\/uploads\/2022\/05\/logo-so-sushi-aalst.png","contentUrl":"https:\/\/sushi-groot-bijgaarden.be\/wp-content\/uploads\/2022\/05\/logo-so-sushi-aalst.png","width":100,"height":100,"caption":"So Sushi Alost"},"image":{"@id":"https:\/\/sushi-groot-bijgaarden.be\/nl\/#\/schema\/logo\/image\/"}}]}},"_links":{"self":[{"href":"https:\/\/sushi-groot-bijgaarden.be\/nl\/wp-json\/wp\/v2\/pages\/404","targetHints":{"allow":["GET"]}}],"collection":[{"href":"https:\/\/sushi-groot-bijgaarden.be\/nl\/wp-json\/wp\/v2\/pages"}],"about":[{"href":"https:\/\/sushi-groot-bijgaarden.be\/nl\/wp-json\/wp\/v2\/types\/page"}],"author":[{"embeddable":true,"href":"https:\/\/sushi-groot-bijgaarden.be\/nl\/wp-json\/wp\/v2\/users\/1"}],"replies":[{"embeddable":true,"href":"https:\/\/sushi-groot-bijgaarden.be\/nl\/wp-json\/wp\/v2\/comments?post=404"}],"version-history":[{"count":0,"href":"https:\/\/sushi-groot-bijgaarden.be\/nl\/wp-json\/wp\/v2\/pages\/404\/revisions"}],"wp:attachment":[{"href":"https:\/\/sushi-groot-bijgaarden.be\/nl\/wp-json\/wp\/v2\/media?parent=404"}],"curies":[{"name":"wp","href":"https:\/\/api.w.org\/{rel}","templated":true}]}}