{"id":405,"date":"2022-05-19T11:06:35","date_gmt":"2022-05-19T11:06:35","guid":{"rendered":"https:\/\/sushi-groot-bijgaarden.be\/accueil\/"},"modified":"2024-10-21T16:53:09","modified_gmt":"2024-10-21T16:53:09","slug":"accueil","status":"publish","type":"page","link":"https:\/\/sushi-groot-bijgaarden.be\/nl\/","title":{"rendered":"Accueil"},"content":{"rendered":"<p>[vc_row full_width=&#8221;stretch_row&#8221; equal_height=&#8221;yes&#8221; content_placement=&#8221;middle&#8221; css=&#8221;.vc_custom_1654014290591{padding-top: 60px !important;padding-bottom: 60px !important;background-image: url(https:\/\/sushi-groot-bijgaarden.be\/wp-content\/uploads\/2022\/05\/subheader-so-sushi-alost.jpg?id=313) !important;background-position: center !important;background-repeat: no-repeat !important;background-size: cover !important;}&#8221; el_class=&#8221;slider-mobile&#8221;][vc_column css=&#8221;.vc_custom_1654013721722{padding-top: 0px !important;}&#8221;][vc_column_text css=&#8221;.vc_custom_1654072773946{margin-bottom: 0px !important;}&#8221;]<span class=\"title-slider-mobile\">So Sushi Groot-Bijgaarden<\/span><br \/>\nRestaurant Sushis[\/vc_column_text][\/vc_column][\/vc_row][vc_row gap=&#8221;35&#8243; equal_height=&#8221;yes&#8221; content_placement=&#8221;middle&#8221; css=&#8221;.vc_custom_1652980842575{padding-top: 60px !important;padding-bottom: 60px !important;}&#8221; el_id=&#8221;venez-decouvrir-nos-sushis&#8221;][vc_column width=&#8221;1\/2&#8243; el_class=&#8221;dsgn&#8221; css=&#8221;.vc_custom_1653994762444{background-image: url(https:\/\/sushi-groot-bijgaarden.be\/wp-content\/uploads\/2022\/05\/venez-decouvrir-nos-sushis-so-sushi-alost.jpg?id=263) !important;background-position: center !important;background-repeat: no-repeat !important;background-size: cover !important;}&#8221;][\/vc_column][vc_column width=&#8221;1\/2&#8243; el_class=&#8221;bloc-txt&#8221;][vc_column_text css=&#8221;.vc_custom_1652978622215{margin-bottom: 0px !important;}&#8221;]<\/p>\n<h2><span class=\"thin\">So Sushi Groot-Bijgaarden <\/span>Venez d\u00e9couvrir nos sushis japonais<\/h2>\n<p>Envie de vous retrouver autour d\u2019un bon repas de sushis ? N\u2019en dites pas plus, So Sushi est exactement le restaurant qu\u2019il vous faut. Nous rendons quotidiennement hommage au Japon en partageant sa cuisine et ses traditions. Nous avons le plaisir de vous faire d\u00e9couvrir des mets d\u2019exception pr\u00e9par\u00e9s par nos chefs talentueux et exp\u00e9riment\u00e9s. Une mani\u00e8re pour nous de mettre quotidiennement ce pays \u00e0 l\u2019honneur.[\/vc_column_text][\/vc_column][\/vc_row][vc_row full_width=&#8221;stretch_row&#8221; equal_height=&#8221;yes&#8221; content_placement=&#8221;middle&#8221; el_class=&#8221;parallax bg-dark&#8221; css=&#8221;.vc_custom_1654006462814{padding-top: 80px !important;padding-bottom: 80px !important;background-image: url(https:\/\/sushi-groot-bijgaarden.be\/wp-content\/uploads\/2022\/05\/avec-nos-restaurants-so-sushi-alost.jpg?id=281) !important;background-position: center !important;background-repeat: no-repeat !important;background-size: cover !important;}&#8221;][vc_column width=&#8221;1\/2&#8243; css=&#8221;.vc_custom_1653037308287{padding-top: 0px !important;}&#8221;][vc_column_text css=&#8221;.vc_custom_1729514038953{margin-bottom: 0px !important;}&#8221;]<\/p>\n<h2>Avec nos restaurants,<\/h2>\n<p>nous permettons \u00e0 tout le monde d\u2019avoir acc\u00e8s \u00e0 une cuisine authentique et savoureuse, ceci en profitant d\u2019un service complet et adapt\u00e9 aux besoins de chacun. Chez So Sushi Groot-Bijgaarden, vous recevez un accueil personnalis\u00e9, simple et efficace. Bref, tout pour passer un agr\u00e9able repas au cours d\u2019une journ\u00e9e parfois bien charg\u00e9e.<br \/>\n\u00ab So Sushi Groot-Bijgaarden<br \/>\nSushis et mets compos\u00e9s \u00e0 commander en ligne<br \/>\nClick &amp; Collect<br \/>\nLivraison \u00e0 domicile \u00bb<\/p>\n<p class=\"commande\"><a href=\"http:\/\/shop.sushi-dilbeek.be\" target=\"_blank\" rel=\"noopener\">Commander en ligne <\/a><\/p>\n<p>[\/vc_column_text][\/vc_column][vc_column width=&#8221;1\/2&#8243; css=&#8221;.vc_custom_1653037344832{padding-top: 0px !important;}&#8221;][\/vc_column][\/vc_row][vc_row css=&#8221;.vc_custom_1653040101536{padding-top: 60px !important;}&#8221; el_class=&#8221;carte&#8221;][vc_column css=&#8221;.vc_custom_1653040004053{padding-top: 0px !important;}&#8221;][vc_column_text]<\/p>\n<h2>Retrouvez notre carte en ligne<\/h2>\n<p>Notre menu a \u00e9t\u00e9 pens\u00e9 et \u00e9labor\u00e9 afin de vous faire voyager et vous embarquer dans un p\u00e9riple sensoriel. Nos chefs ont insuffl\u00e9 leur magie dans chacun de leur plat et vous proposent aujourd\u2019hui un menu complet aux saveurs remarquables.[\/vc_column_text][\/vc_column][\/vc_row][vc_row css=&#8221;.vc_custom_1653054834704{padding-bottom: 60px !important;}&#8221;][vc_column css=&#8221;.vc_custom_1653044175673{padding-top: 0px !important;}&#8221;][vc_column_text css=&#8221;.vc_custom_1729514055254{margin-bottom: 0px !important;}&#8221;]<\/p>\n<p class=\"commande\" style=\"text-align: center;\"><a href=\"http:\/\/shop.sushi-dilbeek.be\" target=\"_blank\" rel=\"noopener\">Commander en ligne<\/a><\/p>\n<p>[\/vc_column_text][\/vc_column][\/vc_row][vc_row full_width=&#8221;stretch_row_content_no_spaces&#8221; gap=&#8221;35&#8243; equal_height=&#8221;yes&#8221; content_placement=&#8221;middle&#8221; css=&#8221;.vc_custom_1653989066963{padding-bottom: 60px !important;}&#8221; el_class=&#8221;reverse&#8221;][vc_column width=&#8221;1\/2&#8243; el_class=&#8221;txt-bloc&#8221;][vc_column_text css=&#8221;.vc_custom_1653060379103{margin-bottom: 0px !important;}&#8221;]<\/p>\n<h2><span class=\"thin\">So Sushi Groot-Bijgaarden <\/span>De d\u00e9licieux Sushis en honneur au Japon<\/h2>\n<p>Vous \u00eates \u00e0 la bonne place si vous d\u00e9sirez d\u00e9guster des sushis japonais. Notre restaurant, v\u00e9ritable r\u00e9f\u00e9rence sur le march\u00e9 belge, vous accueille et vous fait d\u00e9couvrir une cuisine authentique et traditionnelle. Nous aimons le Japon et souhaitons partager ses coutumes culinaires avec nos clients.<\/p>\n<p>L\u2019objectif de So Sushi Groot-Bijgaarden, \u00e0 proximit\u00e9 de Roosdaal et Liedekerke, est de mettre en place, un service de qualit\u00e9 m\u00e9morable. Nous voulons que nos clients appr\u00e9cient leur exp\u00e9rience du d\u00e9but \u00e0 la fin et qu\u2019ils prennent plaisir \u00e0 nous rendre visite. Nous essayons, chaque jour, de nous surpasser pour que vous puissiez pleinement appr\u00e9cier votre moment privil\u00e9gi\u00e9 chez So Sushi.[\/vc_column_text][\/vc_column][vc_column width=&#8221;1\/2&#8243; css=&#8221;.vc_custom_1653995034691{padding-top: 400px !important;background-image: url(https:\/\/sushi-groot-bijgaarden.be\/wp-content\/uploads\/2022\/05\/delecieux-shushis-so-sushi-alost.jpg?id=266) !important;background-position: center !important;background-repeat: no-repeat !important;background-size: cover !important;}&#8221;][\/vc_column][\/vc_row][vc_row full_width=&#8221;stretch_row&#8221; gap=&#8221;35&#8243; equal_height=&#8221;yes&#8221; content_placement=&#8221;middle&#8221; css=&#8221;.vc_custom_1653989216177{padding-bottom: 60px !important;background-image: url(https:\/\/sushi-groot-bijgaarden.be\/wp-content\/uploads\/2022\/05\/japanese-dsgn-so-sushi-aalst.png?id=172) !important;}&#8221; el_class=&#8221;bg-dsgn&#8221;][vc_column width=&#8221;1\/2&#8243; css=&#8221;.vc_custom_1653995621702{padding-top: 400px !important;background-image: url(https:\/\/sushi-groot-bijgaarden.be\/wp-content\/uploads\/2022\/05\/pour-ce-faire-so-sushi-alost.jpg?id=268) !important;background-position: center !important;background-repeat: no-repeat !important;background-size: cover !important;}&#8221; el_class=&#8221;dsgn-up-down&#8221;][\/vc_column][vc_column width=&#8221;1\/2&#8243; el_class=&#8221;bloc-content&#8221;][vc_column_text css=&#8221;.vc_custom_1653327110007{margin-bottom: 0px !important;}&#8221;]<\/p>\n<h2><span class=\"thin\">So Sushi Groot-Bijgaarden <\/span>Pour ce faire<\/h2>\n<p>Nous vous accompagnons en vous cr\u00e9ant un service sur mesure en fonction de vos envies et de votre planning. En effet, chez nous, vous pouvez commander votre repas int\u00e9gralement en ligne et vous n\u2019avez m\u00eame pas \u00e0 vous d\u00e9placer. En quelques minutes, votre commande est finalis\u00e9e et nous vous servons votre menu selon la modalit\u00e9 de votre choix.<\/p>\n<p>Notre service, nous l\u2019avons pens\u00e9 simple et efficace afin de permettre \u00e0 chacun de pouvoir l\u2019utiliser. Que cela concerne une soir\u00e9e sushis entre amis, un repas entre coll\u00e8gues ou un \u00e9v\u00e9nement professionnel, il y a toujours une option qui correspond \u00e0 vos attentes chez So Sushi. Faire appel \u00e0 nous, c\u2019est l\u2019assurance d\u2019un moment riche en saveur et d\u2019un moment tr\u00e8s appr\u00e9ciable.[\/vc_column_text][\/vc_column][\/vc_row][vc_row full_width=&#8221;stretch_row&#8221; equal_height=&#8221;yes&#8221; content_placement=&#8221;middle&#8221; el_class=&#8221;parallax bg-dark&#8221; css=&#8221;.vc_custom_1653038409829{padding-top: 80px !important;padding-bottom: 80px !important;background-image: url(https:\/\/sushi-groot-bijgaarden.be\/wp-content\/uploads\/2022\/05\/click-and-collect-sushi-alost.jpg?id=145) !important;background-position: center !important;background-repeat: no-repeat !important;background-size: cover !important;}&#8221;][vc_column width=&#8221;1\/2&#8243; css=&#8221;.vc_custom_1653037308287{padding-top: 0px !important;}&#8221;][vc_column_text css=&#8221;.vc_custom_1729514077030{margin-bottom: 0px !important;}&#8221;]<\/p>\n<h2><span class=\"thin\">Contact<\/span>So Sushi Groot-Bijgaarden<\/h2>\n<p>Si nous souhaitons vous fournir un service parfait, nous tenons \u00e9galement \u00e0 nous montrer pr\u00e9sents pour toutes vos questions. Nous sommes toujours joignables par t\u00e9l\u00e9phone, mail ou via notre formulaire de contact. Notre \u00e9quipe reviendra vers vous le plus rapidement possible pour vous r\u00e9pondre.<\/p>\n<p class=\"commande\"><a href=\"http:\/\/shop.sushi-dilbeek.be\" target=\"_blank\" rel=\"noopener\">Commander en ligne <\/a><\/p>\n<p>[\/vc_column_text][\/vc_column][vc_column width=&#8221;1\/2&#8243; css=&#8221;.vc_custom_1653037344832{padding-top: 0px !important;}&#8221;][\/vc_column][\/vc_row][vc_row css=&#8221;.vc_custom_1653040101536{padding-top: 60px !important;}&#8221; el_class=&#8221;carte&#8221;][vc_column css=&#8221;.vc_custom_1653040004053{padding-top: 0px !important;}&#8221;][vc_column_text]<\/p>\n<h2>Notre philosophie<\/h2>\n<p>Pour faire des sushis d\u2019excellence, il faut en avoir la ma\u00eetrise parfaite. C\u2019est exactement ce que nos chefs ont appris \u00e0 faire. Connaisseurs du Japon, de ses techniques et de ses traditions, ils refl\u00e8tent le pays dans tous leurs plats.[\/vc_column_text][\/vc_column][\/vc_row][vc_row gap=&#8221;35&#8243; equal_height=&#8221;yes&#8221; css=&#8221;.vc_custom_1653295225470{padding-bottom: 60px !important;}&#8221; el_class=&#8221;philosophie&#8221;][vc_column width=&#8221;1\/3&#8243;][vc_single_image image=&#8221;191&#8243; img_size=&#8221;500&#215;500&#8243; alignment=&#8221;center&#8221; style=&#8221;vc_box_rounded&#8221; css=&#8221;.vc_custom_1653328810564{margin-bottom: 0px !important;}&#8221;][vc_column_text css=&#8221;.vc_custom_1653295424911{margin-bottom: 0px !important;}&#8221;]<\/p>\n<div class=\"num\">1<\/div>\n<h3>Produits frais<\/h3>\n<p>Nous savons qu\u2019il est primordial de veiller \u00e0 la fra\u00eecheur de nos produits et c\u2019est ce que nous faisons de mani\u00e8re assidue. Nous pr\u00e9parons chaque commande le jour-m\u00eame de son retrait et suivons les normes d\u2019hygi\u00e8ne \u00e0 la lettre.[\/vc_column_text][\/vc_column][vc_column width=&#8221;1\/3&#8243;][vc_single_image image=&#8221;193&#8243; img_size=&#8221;500&#215;500&#8243; alignment=&#8221;center&#8221; style=&#8221;vc_box_rounded&#8221; css=&#8221;.vc_custom_1653328858089{margin-bottom: 0px !important;}&#8221;][vc_column_text css=&#8221;.vc_custom_1653295457693{margin-bottom: 0px !important;}&#8221;]<\/p>\n<div class=\"num\">2<\/div>\n<h3>L\u2019amour du pays<\/h3>\n<p>Nous veillons \u00e0 partager les traditions japonaises dans toutes nos pr\u00e9parations. Pour que cela soit fait, nos chefs mettent leur savoir-faire dans leurs recettes et garantissent le respect des m\u00e9thodes japonaises.[\/vc_column_text][\/vc_column][vc_column width=&#8221;1\/3&#8243;][vc_single_image image=&#8221;192&#8243; img_size=&#8221;500&#215;500&#8243; alignment=&#8221;center&#8221; style=&#8221;vc_box_rounded&#8221; css=&#8221;.vc_custom_1653328866392{margin-bottom: 0px !important;}&#8221;][vc_column_text css=&#8221;.vc_custom_1653295479916{margin-bottom: 0px !important;}&#8221;]<\/p>\n<div class=\"num\">3<\/div>\n<h3>La qualit\u00e9 au centre de nos pr\u00e9occupations<\/h3>\n<p>Nous souhaitons que notre service vous plaise de A \u00e0 Z. Nous faisons tout notre possible afin de fournir des prestations de qualit\u00e9. Nous nous perfectionnons chaque jour pour \u00eatre au plus proche de vos esp\u00e9rances.[\/vc_column_text][\/vc_column][\/vc_row]<\/p>\n","protected":false},"excerpt":{"rendered":"<p>[vc_row full_width=&#8221;stretch_row&#8221; equal_height=&#8221;yes&#8221; content_placement=&#8221;middle&#8221; css=&#8221;.vc_custom_1654014290591{padding-top: 60px !important;padding-bottom: 60px !important;background-image: url(https:\/\/sushi-groot-bijgaarden.be\/wp-content\/uploads\/2022\/05\/subheader-so-sushi-alost.jpg?id=313) !important;background-position: center !important;background-repeat: no-repeat !important;background-size: cover !important;}&#8221; el_class=&#8221;slider-mobile&#8221;][vc_column css=&#8221;.vc_custom_1654013721722{padding-top: 0px !important;}&#8221;][vc_column_text css=&#8221;.vc_custom_1654072773946{margin-bottom: 0px !important;}&#8221;]So Sushi Groot-Bijgaarden<span class=\"excerpt-hellip\"> [\u2026]<\/span><\/p>\n","protected":false},"author":1,"featured_media":0,"parent":0,"menu_order":0,"comment_status":"closed","ping_status":"closed","template":"","meta":{"footnotes":""},"class_list":["post-405","page","type-page","status-publish","hentry"],"yoast_head":"<!-- This site is optimized with the Yoast SEO plugin v27.3 - https:\/\/yoast.com\/product\/yoast-seo-wordpress\/ -->\n<title>So Sushi - Restaurant de sushis \u00e0 Groot-Bijgaarden<\/title>\n<meta name=\"description\" content=\"Nous rendons quotidiennement hommage au Japon en partageant sa cuisine et ses traditions - So Sushi Groot-Bijgaarden.\" \/>\n<meta name=\"robots\" content=\"noindex, follow, max-snippet:-1, max-image-preview:large, max-video-preview:-1\" \/>\n<meta property=\"og:locale\" content=\"nl_NL\" \/>\n<meta property=\"og:type\" content=\"article\" \/>\n<meta property=\"og:title\" content=\"So Sushi - Restaurant de sushis \u00e0 Groot-Bijgaarden\" \/>\n<meta property=\"og:description\" content=\"Nous rendons quotidiennement hommage au Japon en partageant sa cuisine et ses traditions - So Sushi Groot-Bijgaarden.\" \/>\n<meta property=\"og:url\" content=\"https:\/\/sushi-groot-bijgaarden.be\/nl\/\" \/>\n<meta property=\"og:site_name\" content=\"SO SUSHI AALST\" \/>\n<meta property=\"article:modified_time\" content=\"2024-10-21T16:53:09+00:00\" \/>\n<meta name=\"twitter:card\" content=\"summary_large_image\" \/>\n<meta name=\"twitter:label1\" content=\"Geschatte leestijd\" \/>\n\t<meta name=\"twitter:data1\" content=\"6 minuten\" \/>\n<script type=\"application\/ld+json\" class=\"yoast-schema-graph\">{\"@context\":\"https:\\\/\\\/schema.org\",\"@graph\":[{\"@type\":\"WebPage\",\"@id\":\"https:\\\/\\\/sushi-groot-bijgaarden.be\\\/nl\\\/\",\"url\":\"https:\\\/\\\/sushi-groot-bijgaarden.be\\\/nl\\\/\",\"name\":\"So Sushi - Restaurant de sushis \u00e0 Groot-Bijgaarden\",\"isPartOf\":{\"@id\":\"https:\\\/\\\/sushi-groot-bijgaarden.be\\\/nl\\\/#website\"},\"datePublished\":\"2022-05-19T11:06:35+00:00\",\"dateModified\":\"2024-10-21T16:53:09+00:00\",\"description\":\"Nous rendons quotidiennement hommage au Japon en partageant sa cuisine et ses traditions - So Sushi Groot-Bijgaarden.\",\"breadcrumb\":{\"@id\":\"https:\\\/\\\/sushi-groot-bijgaarden.be\\\/nl\\\/#breadcrumb\"},\"inLanguage\":\"nl-NL\",\"potentialAction\":[{\"@type\":\"ReadAction\",\"target\":[\"https:\\\/\\\/sushi-groot-bijgaarden.be\\\/nl\\\/\"]}]},{\"@type\":\"BreadcrumbList\",\"@id\":\"https:\\\/\\\/sushi-groot-bijgaarden.be\\\/nl\\\/#breadcrumb\",\"itemListElement\":[{\"@type\":\"ListItem\",\"position\":1,\"name\":\"Accueil\",\"item\":\"https:\\\/\\\/sushi-groot-bijgaarden.be\\\/nl\\\/\"},{\"@type\":\"ListItem\",\"position\":2,\"name\":\"Accueil\"}]},{\"@type\":\"WebSite\",\"@id\":\"https:\\\/\\\/sushi-groot-bijgaarden.be\\\/nl\\\/#website\",\"url\":\"https:\\\/\\\/sushi-groot-bijgaarden.be\\\/nl\\\/\",\"name\":\"SO SUSHI AALST\",\"description\":\"\",\"publisher\":{\"@id\":\"https:\\\/\\\/sushi-groot-bijgaarden.be\\\/nl\\\/#organization\"},\"potentialAction\":[{\"@type\":\"SearchAction\",\"target\":{\"@type\":\"EntryPoint\",\"urlTemplate\":\"https:\\\/\\\/sushi-groot-bijgaarden.be\\\/nl\\\/?s={search_term_string}\"},\"query-input\":{\"@type\":\"PropertyValueSpecification\",\"valueRequired\":true,\"valueName\":\"search_term_string\"}}],\"inLanguage\":\"nl-NL\"},{\"@type\":\"Organization\",\"@id\":\"https:\\\/\\\/sushi-groot-bijgaarden.be\\\/nl\\\/#organization\",\"name\":\"So Sushi Alost\",\"url\":\"https:\\\/\\\/sushi-groot-bijgaarden.be\\\/nl\\\/\",\"logo\":{\"@type\":\"ImageObject\",\"inLanguage\":\"nl-NL\",\"@id\":\"https:\\\/\\\/sushi-groot-bijgaarden.be\\\/nl\\\/#\\\/schema\\\/logo\\\/image\\\/\",\"url\":\"https:\\\/\\\/sushi-groot-bijgaarden.be\\\/wp-content\\\/uploads\\\/2022\\\/05\\\/logo-so-sushi-aalst.png\",\"contentUrl\":\"https:\\\/\\\/sushi-groot-bijgaarden.be\\\/wp-content\\\/uploads\\\/2022\\\/05\\\/logo-so-sushi-aalst.png\",\"width\":100,\"height\":100,\"caption\":\"So Sushi Alost\"},\"image\":{\"@id\":\"https:\\\/\\\/sushi-groot-bijgaarden.be\\\/nl\\\/#\\\/schema\\\/logo\\\/image\\\/\"}}]}<\/script>\n<!-- \/ Yoast SEO plugin. -->","yoast_head_json":{"title":"So Sushi - Restaurant de sushis \u00e0 Groot-Bijgaarden","description":"Nous rendons quotidiennement hommage au Japon en partageant sa cuisine et ses traditions - So Sushi Groot-Bijgaarden.","robots":{"index":"noindex","follow":"follow","max-snippet":"max-snippet:-1","max-image-preview":"max-image-preview:large","max-video-preview":"max-video-preview:-1"},"og_locale":"nl_NL","og_type":"article","og_title":"So Sushi - Restaurant de sushis \u00e0 Groot-Bijgaarden","og_description":"Nous rendons quotidiennement hommage au Japon en partageant sa cuisine et ses traditions - So Sushi Groot-Bijgaarden.","og_url":"https:\/\/sushi-groot-bijgaarden.be\/nl\/","og_site_name":"SO SUSHI AALST","article_modified_time":"2024-10-21T16:53:09+00:00","twitter_card":"summary_large_image","twitter_misc":{"Geschatte leestijd":"6 minuten"},"schema":{"@context":"https:\/\/schema.org","@graph":[{"@type":"WebPage","@id":"https:\/\/sushi-groot-bijgaarden.be\/nl\/","url":"https:\/\/sushi-groot-bijgaarden.be\/nl\/","name":"So Sushi - Restaurant de sushis \u00e0 Groot-Bijgaarden","isPartOf":{"@id":"https:\/\/sushi-groot-bijgaarden.be\/nl\/#website"},"datePublished":"2022-05-19T11:06:35+00:00","dateModified":"2024-10-21T16:53:09+00:00","description":"Nous rendons quotidiennement hommage au Japon en partageant sa cuisine et ses traditions - So Sushi Groot-Bijgaarden.","breadcrumb":{"@id":"https:\/\/sushi-groot-bijgaarden.be\/nl\/#breadcrumb"},"inLanguage":"nl-NL","potentialAction":[{"@type":"ReadAction","target":["https:\/\/sushi-groot-bijgaarden.be\/nl\/"]}]},{"@type":"BreadcrumbList","@id":"https:\/\/sushi-groot-bijgaarden.be\/nl\/#breadcrumb","itemListElement":[{"@type":"ListItem","position":1,"name":"Accueil","item":"https:\/\/sushi-groot-bijgaarden.be\/nl\/"},{"@type":"ListItem","position":2,"name":"Accueil"}]},{"@type":"WebSite","@id":"https:\/\/sushi-groot-bijgaarden.be\/nl\/#website","url":"https:\/\/sushi-groot-bijgaarden.be\/nl\/","name":"SO SUSHI AALST","description":"","publisher":{"@id":"https:\/\/sushi-groot-bijgaarden.be\/nl\/#organization"},"potentialAction":[{"@type":"SearchAction","target":{"@type":"EntryPoint","urlTemplate":"https:\/\/sushi-groot-bijgaarden.be\/nl\/?s={search_term_string}"},"query-input":{"@type":"PropertyValueSpecification","valueRequired":true,"valueName":"search_term_string"}}],"inLanguage":"nl-NL"},{"@type":"Organization","@id":"https:\/\/sushi-groot-bijgaarden.be\/nl\/#organization","name":"So Sushi Alost","url":"https:\/\/sushi-groot-bijgaarden.be\/nl\/","logo":{"@type":"ImageObject","inLanguage":"nl-NL","@id":"https:\/\/sushi-groot-bijgaarden.be\/nl\/#\/schema\/logo\/image\/","url":"https:\/\/sushi-groot-bijgaarden.be\/wp-content\/uploads\/2022\/05\/logo-so-sushi-aalst.png","contentUrl":"https:\/\/sushi-groot-bijgaarden.be\/wp-content\/uploads\/2022\/05\/logo-so-sushi-aalst.png","width":100,"height":100,"caption":"So Sushi Alost"},"image":{"@id":"https:\/\/sushi-groot-bijgaarden.be\/nl\/#\/schema\/logo\/image\/"}}]}},"_links":{"self":[{"href":"https:\/\/sushi-groot-bijgaarden.be\/nl\/wp-json\/wp\/v2\/pages\/405","targetHints":{"allow":["GET"]}}],"collection":[{"href":"https:\/\/sushi-groot-bijgaarden.be\/nl\/wp-json\/wp\/v2\/pages"}],"about":[{"href":"https:\/\/sushi-groot-bijgaarden.be\/nl\/wp-json\/wp\/v2\/types\/page"}],"author":[{"embeddable":true,"href":"https:\/\/sushi-groot-bijgaarden.be\/nl\/wp-json\/wp\/v2\/users\/1"}],"replies":[{"embeddable":true,"href":"https:\/\/sushi-groot-bijgaarden.be\/nl\/wp-json\/wp\/v2\/comments?post=405"}],"version-history":[{"count":1,"href":"https:\/\/sushi-groot-bijgaarden.be\/nl\/wp-json\/wp\/v2\/pages\/405\/revisions"}],"predecessor-version":[{"id":407,"href":"https:\/\/sushi-groot-bijgaarden.be\/nl\/wp-json\/wp\/v2\/pages\/405\/revisions\/407"}],"wp:attachment":[{"href":"https:\/\/sushi-groot-bijgaarden.be\/nl\/wp-json\/wp\/v2\/media?parent=405"}],"curies":[{"name":"wp","href":"https:\/\/api.w.org\/{rel}","templated":true}]}}